{"id":250041,"date":"2025-03-29T19:32:58","date_gmt":"2025-03-29T18:52:10","guid":{"rendered":"https:\/\/osannavisconti.com\/senza-categoria\/uovo-sculpture-in-bronze\/"},"modified":"2025-04-01T16:22:31","modified_gmt":"2025-04-01T14:22:31","slug":"uovo-sculpture-bronze","status":"publish","type":"product","link":"https:\/\/osannavisconti.com\/it\/oggetti\/uovo-sculpture-bronze\/","title":{"rendered":"Uovo Sculpture in Bronze"},"content":{"rendered":"<h1>Prima scultura Intro Uovo Uovo di struzzo in bronzo<\/h1>\n<p>  Uovo Scultura Uovo di struzzo e supporto fusi in bronzo naturale con la tecnica della fusione a cera persa. Ogni pezzo \u00e8 unico e viene disegnato e prodotto a Milano da Osanna Visconti Ogni pezzo \u00e8 unico e viene disegnato e prodotto a Milano da Osanna Visconti. Ogni pezzo \u00e8 unico.<\/p>\n<h2>Seconda scultura Intro Uovo Uovo di struzzo in bronzo<\/h2>\n<p>  Uovo Scultura Uovo di struzzo e supporto fusi in bronzo naturale con la tecnica della fusione a cera persa. Ogni pezzo \u00e8 unico e viene disegnato e prodotto a Milano da Osanna Visconti Ogni pezzo \u00e8 unico e viene disegnato e prodotto a Milano da Osanna Visconti. Ogni pezzo \u00e8 unico.<\/p>\n<h3>Third Intro<\/h3>\n<p>  Uovo di struzzo e supporto fusi in bronzo naturale con la tecnica della fusione a cera persa. Ogni pezzo \u00e8 unico e viene disegnato e prodotto a Milano da Osanna Visconti Ogni pezzo \u00e8 unico e viene disegnato e prodotto a Milano da Osanna Visconti. Ogni pezzo \u00e8 unico.<\/p>\n<h4>Fourth Intro<\/h4>\n<p>  Uovo Scultura Uovo di struzzo e supporto fusi in bronzo naturale con la tecnica della fusione a cera persa. Ogni pezzo \u00e8 unico e viene disegnato e prodotto a Milano da Osanna Visconti Ogni pezzo \u00e8 unico e viene disegnato e prodotto a Milano da Osanna Visconti. Ogni pezzo \u00e8 unico.<\/p>\n<p>Tutte le creazioni di Osanna Visconti sono fuse in bronzo naturale con il metodo della fusione a cera persa. Questa antica tecnica lavora con una forma negativa in cui viene colato il metallo fuso. Osanna impasta e modella a mano la sua prima scultura in cera. Come elemento caratterizzante delle sue creazioni, il modello in cera viene utilizzato per creare uno stampo in gesso. Durante la fase di essiccazione in forni riscaldati a 650\u00b0C, la cera viene sciolta e drenata, lasciando la forma negativa per la fusione del bronzo nella fonderia d&#8217;arte.<\/p>\n<p>&#8220;\u00c8 molto difficile trovare giovani che abbiano la passione di imparare questo lavoro manuale. Spero che i giovani di domani apprezzino la bellezza di essere artigiani&#8221;.<\/p>\n<p>Osanna Visconti, designer e creatrice italiana, realizza gioielli e oggetti squisitamente dettagliati, sia funzionali che decorativi, in bronzo naturale utilizzando la tecnica della cera persa, un metodo antico che gli artigiani greci e romani utilizzano da quando il bronzo fu scoperto 3000 anni fa. Osanna condivide con Cabana Magazine il suo amore per gli edifici storici, il collezionismo e l&#8217;artigianato e parla delle sue speranze per il futuro del suo mestiere.<\/p>\n","protected":false},"excerpt":{"rendered":"<p>La scultura &#8220;uovo&#8221;, realizzata in bronzo naturale, \u00e8 stata creata utilizzando la tecnica della cera persa. Ogni pezzo \u00e8 unico e viene disegnato e prodotto a Milano da Osanna Visconti.<\/p>\n","protected":false},"featured_media":250036,"comment_status":"open","ping_status":"closed","template":"","meta":{"_acf_changed":false,"rs_blank_template":"","rs_page_bg_color":"","slide_template_v7":"","inline_featured_image":false},"product_collection":[286],"product_brand":[],"product_cat":[40],"product_tag":[424,390],"class_list":{"0":"post-250041","1":"product","2":"type-product","3":"status-publish","4":"has-post-thumbnail","6":"product_collection-uovo","7":"product_cat-oggetti","8":"product_tag-creazioni","9":"product_tag-shop","10":"pa_finishing-bronzo","11":"pa_material-bronzo","12":"tm-has-options","14":"first","15":"outofstock","16":"taxable","17":"shipping-taxable","18":"purchasable","19":"product-type-simple"},"acf":[],"yoast_head":"<!-- This site is optimized with the Yoast SEO plugin v27.5 - https:\/\/yoast.com\/product\/yoast-seo-wordpress\/ -->\n<title>uovo di struzzo in bronzo<\/title>\n<meta name=\"description\" content=\"La scultura &quot;uovo&quot;, realizzata in bronzo naturale, \u00e8 stata creata utilizzando la tecnica della cera persa. Ogni pezzo \u00e8 unico e viene disegnato e prodotto a Milano da Osanna Visconti.\" \/>\n<meta name=\"robots\" content=\"index, follow, max-snippet:-1, max-image-preview:large, max-video-preview:-1\" \/>\n<link rel=\"canonical\" href=\"https:\/\/osannavisconti.com\/it\/oggetti\/uovo-sculpture-bronze\/\" \/>\n<meta property=\"og:locale\" content=\"it_IT\" \/>\n<meta property=\"og:type\" content=\"article\" \/>\n<meta property=\"og:title\" content=\"uovo di struzzo in bronzo\" \/>\n<meta property=\"og:description\" content=\"La scultura &quot;uovo&quot;, realizzata in bronzo naturale, \u00e8 stata creata utilizzando la tecnica della cera persa. Ogni pezzo \u00e8 unico e viene disegnato e prodotto a Milano da Osanna Visconti.\" \/>\n<meta property=\"og:url\" content=\"https:\/\/osannavisconti.com\/it\/oggetti\/uovo-sculpture-bronze\/\" \/>\n<meta property=\"og:site_name\" content=\"Osanna Visconti di Modrone\" \/>\n<meta property=\"article:publisher\" content=\"https:\/\/facebook.com\/osannavisconti\" \/>\n<meta property=\"article:modified_time\" content=\"2025-04-01T14:22:31+00:00\" \/>\n<meta property=\"og:image\" content=\"https:\/\/osannavisconti.com\/wp-content\/uploads\/2025\/03\/ostrich-egg-bronze-osanna-visconti-1425.jpg\" \/>\n\t<meta property=\"og:image:width\" content=\"1650\" \/>\n\t<meta property=\"og:image:height\" content=\"1981\" \/>\n\t<meta property=\"og:image:type\" content=\"image\/jpeg\" \/>\n<meta name=\"twitter:card\" content=\"summary_large_image\" \/>\n<meta name=\"twitter:label1\" content=\"Tempo di lettura stimato\" \/>\n\t<meta name=\"twitter:data1\" content=\"3 minuti\" \/>\n<script type=\"application\/ld+json\" class=\"yoast-schema-graph\">{\"@context\":\"https:\\\/\\\/schema.org\",\"@graph\":[{\"@type\":\"WebPage\",\"@id\":\"https:\\\/\\\/osannavisconti.com\\\/it\\\/oggetti\\\/uovo-sculpture-bronze\\\/\",\"url\":\"https:\\\/\\\/osannavisconti.com\\\/it\\\/oggetti\\\/uovo-sculpture-bronze\\\/\",\"name\":\"uovo di struzzo in bronzo\",\"isPartOf\":{\"@id\":\"https:\\\/\\\/osannavisconti.com\\\/it\\\/#website\"},\"primaryImageOfPage\":{\"@id\":\"https:\\\/\\\/osannavisconti.com\\\/it\\\/oggetti\\\/uovo-sculpture-bronze\\\/#primaryimage\"},\"image\":{\"@id\":\"https:\\\/\\\/osannavisconti.com\\\/it\\\/oggetti\\\/uovo-sculpture-bronze\\\/#primaryimage\"},\"thumbnailUrl\":\"https:\\\/\\\/i0.wp.com\\\/osannavisconti.com\\\/wp-content\\\/uploads\\\/2025\\\/03\\\/ostrich-egg-bronze-osanna-visconti-1425.jpg?fit=1650%2C1981&ssl=1\",\"datePublished\":\"2025-03-29T18:52:10+00:00\",\"dateModified\":\"2025-04-01T14:22:31+00:00\",\"description\":\"La scultura \\\"uovo\\\", realizzata in bronzo naturale, \u00e8 stata creata utilizzando la tecnica della cera persa. Ogni pezzo \u00e8 unico e viene disegnato e prodotto a Milano da Osanna Visconti.\",\"breadcrumb\":{\"@id\":\"https:\\\/\\\/osannavisconti.com\\\/it\\\/oggetti\\\/uovo-sculpture-bronze\\\/#breadcrumb\"},\"inLanguage\":\"it-IT\",\"potentialAction\":[{\"@type\":\"ReadAction\",\"target\":[\"https:\\\/\\\/osannavisconti.com\\\/it\\\/oggetti\\\/uovo-sculpture-bronze\\\/\"]}]},{\"@type\":\"ImageObject\",\"inLanguage\":\"it-IT\",\"@id\":\"https:\\\/\\\/osannavisconti.com\\\/it\\\/oggetti\\\/uovo-sculpture-bronze\\\/#primaryimage\",\"url\":\"https:\\\/\\\/i0.wp.com\\\/osannavisconti.com\\\/wp-content\\\/uploads\\\/2025\\\/03\\\/ostrich-egg-bronze-osanna-visconti-1425.jpg?fit=1650%2C1981&ssl=1\",\"contentUrl\":\"https:\\\/\\\/i0.wp.com\\\/osannavisconti.com\\\/wp-content\\\/uploads\\\/2025\\\/03\\\/ostrich-egg-bronze-osanna-visconti-1425.jpg?fit=1650%2C1981&ssl=1\",\"width\":1650,\"height\":1981,\"caption\":\"Uovo in Bronze\"},{\"@type\":\"BreadcrumbList\",\"@id\":\"https:\\\/\\\/osannavisconti.com\\\/it\\\/oggetti\\\/uovo-sculpture-bronze\\\/#breadcrumb\",\"itemListElement\":[{\"@type\":\"ListItem\",\"position\":1,\"name\":\"Home\",\"item\":\"https:\\\/\\\/osannavisconti.com\\\/it\\\/\"},{\"@type\":\"ListItem\",\"position\":2,\"name\":\"Shop\",\"item\":\"https:\\\/\\\/osannavisconti.com\\\/it\\\/shop\\\/\"},{\"@type\":\"ListItem\",\"position\":3,\"name\":\"Uovo Sculpture in Bronze\"}]},{\"@type\":\"WebSite\",\"@id\":\"https:\\\/\\\/osannavisconti.com\\\/it\\\/#website\",\"url\":\"https:\\\/\\\/osannavisconti.com\\\/it\\\/\",\"name\":\"Osanna Visconti - Bronze furnishings and design objects\",\"description\":\"Interior Design Milano\",\"publisher\":{\"@id\":\"https:\\\/\\\/osannavisconti.com\\\/it\\\/#organization\"},\"alternateName\":\"OVM\",\"potentialAction\":[{\"@type\":\"SearchAction\",\"target\":{\"@type\":\"EntryPoint\",\"urlTemplate\":\"https:\\\/\\\/osannavisconti.com\\\/it\\\/?s={search_term_string}\"},\"query-input\":{\"@type\":\"PropertyValueSpecification\",\"valueRequired\":true,\"valueName\":\"search_term_string\"}}],\"inLanguage\":\"it-IT\"},{\"@type\":\"Organization\",\"@id\":\"https:\\\/\\\/osannavisconti.com\\\/it\\\/#organization\",\"name\":\"O.M. Visconti S.r.l.\",\"alternateName\":\"OMV\",\"url\":\"https:\\\/\\\/osannavisconti.com\\\/it\\\/\",\"logo\":{\"@type\":\"ImageObject\",\"inLanguage\":\"it-IT\",\"@id\":\"https:\\\/\\\/osannavisconti.com\\\/it\\\/#\\\/schema\\\/logo\\\/image\\\/\",\"url\":\"https:\\\/\\\/osannavisconti.com\\\/wp-content\\\/uploads\\\/2025\\\/03\\\/osanna-visconti-logo-firma.png\",\"contentUrl\":\"https:\\\/\\\/osannavisconti.com\\\/wp-content\\\/uploads\\\/2025\\\/03\\\/osanna-visconti-logo-firma.png\",\"width\":1599,\"height\":810,\"caption\":\"O.M. Visconti S.r.l.\"},\"image\":{\"@id\":\"https:\\\/\\\/osannavisconti.com\\\/it\\\/#\\\/schema\\\/logo\\\/image\\\/\"},\"sameAs\":[\"https:\\\/\\\/facebook.com\\\/osannavisconti\",\"https:\\\/\\\/instagram.com\\\/osannavisconti\",\"https:\\\/\\\/linkedin.com\\\/showcase\\\/osannavisconti\"]}]}<\/script>\n<!-- \/ Yoast SEO plugin. -->","yoast_head_json":{"title":"uovo di struzzo in bronzo","description":"La scultura \"uovo\", realizzata in bronzo naturale, \u00e8 stata creata utilizzando la tecnica della cera persa. Ogni pezzo \u00e8 unico e viene disegnato e prodotto a Milano da Osanna Visconti.","robots":{"index":"index","follow":"follow","max-snippet":"max-snippet:-1","max-image-preview":"max-image-preview:large","max-video-preview":"max-video-preview:-1"},"canonical":"https:\/\/osannavisconti.com\/it\/oggetti\/uovo-sculpture-bronze\/","og_locale":"it_IT","og_type":"article","og_title":"uovo di struzzo in bronzo","og_description":"La scultura \"uovo\", realizzata in bronzo naturale, \u00e8 stata creata utilizzando la tecnica della cera persa. Ogni pezzo \u00e8 unico e viene disegnato e prodotto a Milano da Osanna Visconti.","og_url":"https:\/\/osannavisconti.com\/it\/oggetti\/uovo-sculpture-bronze\/","og_site_name":"Osanna Visconti di Modrone","article_publisher":"https:\/\/facebook.com\/osannavisconti","article_modified_time":"2025-04-01T14:22:31+00:00","og_image":[{"width":1650,"height":1981,"url":"https:\/\/osannavisconti.com\/wp-content\/uploads\/2025\/03\/ostrich-egg-bronze-osanna-visconti-1425.jpg","type":"image\/jpeg"}],"twitter_card":"summary_large_image","twitter_misc":{"Tempo di lettura stimato":"3 minuti"},"schema":{"@context":"https:\/\/schema.org","@graph":[{"@type":"WebPage","@id":"https:\/\/osannavisconti.com\/it\/oggetti\/uovo-sculpture-bronze\/","url":"https:\/\/osannavisconti.com\/it\/oggetti\/uovo-sculpture-bronze\/","name":"uovo di struzzo in bronzo","isPartOf":{"@id":"https:\/\/osannavisconti.com\/it\/#website"},"primaryImageOfPage":{"@id":"https:\/\/osannavisconti.com\/it\/oggetti\/uovo-sculpture-bronze\/#primaryimage"},"image":{"@id":"https:\/\/osannavisconti.com\/it\/oggetti\/uovo-sculpture-bronze\/#primaryimage"},"thumbnailUrl":"https:\/\/i0.wp.com\/osannavisconti.com\/wp-content\/uploads\/2025\/03\/ostrich-egg-bronze-osanna-visconti-1425.jpg?fit=1650%2C1981&ssl=1","datePublished":"2025-03-29T18:52:10+00:00","dateModified":"2025-04-01T14:22:31+00:00","description":"La scultura \"uovo\", realizzata in bronzo naturale, \u00e8 stata creata utilizzando la tecnica della cera persa. Ogni pezzo \u00e8 unico e viene disegnato e prodotto a Milano da Osanna Visconti.","breadcrumb":{"@id":"https:\/\/osannavisconti.com\/it\/oggetti\/uovo-sculpture-bronze\/#breadcrumb"},"inLanguage":"it-IT","potentialAction":[{"@type":"ReadAction","target":["https:\/\/osannavisconti.com\/it\/oggetti\/uovo-sculpture-bronze\/"]}]},{"@type":"ImageObject","inLanguage":"it-IT","@id":"https:\/\/osannavisconti.com\/it\/oggetti\/uovo-sculpture-bronze\/#primaryimage","url":"https:\/\/i0.wp.com\/osannavisconti.com\/wp-content\/uploads\/2025\/03\/ostrich-egg-bronze-osanna-visconti-1425.jpg?fit=1650%2C1981&ssl=1","contentUrl":"https:\/\/i0.wp.com\/osannavisconti.com\/wp-content\/uploads\/2025\/03\/ostrich-egg-bronze-osanna-visconti-1425.jpg?fit=1650%2C1981&ssl=1","width":1650,"height":1981,"caption":"Uovo in Bronze"},{"@type":"BreadcrumbList","@id":"https:\/\/osannavisconti.com\/it\/oggetti\/uovo-sculpture-bronze\/#breadcrumb","itemListElement":[{"@type":"ListItem","position":1,"name":"Home","item":"https:\/\/osannavisconti.com\/it\/"},{"@type":"ListItem","position":2,"name":"Shop","item":"https:\/\/osannavisconti.com\/it\/shop\/"},{"@type":"ListItem","position":3,"name":"Uovo Sculpture in Bronze"}]},{"@type":"WebSite","@id":"https:\/\/osannavisconti.com\/it\/#website","url":"https:\/\/osannavisconti.com\/it\/","name":"Osanna Visconti - Bronze furnishings and design objects","description":"Interior Design Milano","publisher":{"@id":"https:\/\/osannavisconti.com\/it\/#organization"},"alternateName":"OVM","potentialAction":[{"@type":"SearchAction","target":{"@type":"EntryPoint","urlTemplate":"https:\/\/osannavisconti.com\/it\/?s={search_term_string}"},"query-input":{"@type":"PropertyValueSpecification","valueRequired":true,"valueName":"search_term_string"}}],"inLanguage":"it-IT"},{"@type":"Organization","@id":"https:\/\/osannavisconti.com\/it\/#organization","name":"O.M. Visconti S.r.l.","alternateName":"OMV","url":"https:\/\/osannavisconti.com\/it\/","logo":{"@type":"ImageObject","inLanguage":"it-IT","@id":"https:\/\/osannavisconti.com\/it\/#\/schema\/logo\/image\/","url":"https:\/\/osannavisconti.com\/wp-content\/uploads\/2025\/03\/osanna-visconti-logo-firma.png","contentUrl":"https:\/\/osannavisconti.com\/wp-content\/uploads\/2025\/03\/osanna-visconti-logo-firma.png","width":1599,"height":810,"caption":"O.M. Visconti S.r.l."},"image":{"@id":"https:\/\/osannavisconti.com\/it\/#\/schema\/logo\/image\/"},"sameAs":["https:\/\/facebook.com\/osannavisconti","https:\/\/instagram.com\/osannavisconti","https:\/\/linkedin.com\/showcase\/osannavisconti"]}]}},"df_price":2200,"df_sale_price":"","df_regular_price":2200,"df_image_link":"https:\/\/i0.wp.com\/osannavisconti.com\/wp-content\/uploads\/2025\/03\/ostrich-egg-bronze-osanna-visconti-1425.jpg?fit=250%2C300&ssl=1","_links":{"self":[{"href":"https:\/\/osannavisconti.com\/it\/wp-json\/wp\/v2\/product\/250041","targetHints":{"allow":["GET"]}}],"collection":[{"href":"https:\/\/osannavisconti.com\/it\/wp-json\/wp\/v2\/product"}],"about":[{"href":"https:\/\/osannavisconti.com\/it\/wp-json\/wp\/v2\/types\/product"}],"replies":[{"embeddable":true,"href":"https:\/\/osannavisconti.com\/it\/wp-json\/wp\/v2\/comments?post=250041"}],"wp:featuredmedia":[{"embeddable":true,"href":"https:\/\/osannavisconti.com\/it\/wp-json\/wp\/v2\/media\/250036"}],"wp:attachment":[{"href":"https:\/\/osannavisconti.com\/it\/wp-json\/wp\/v2\/media?parent=250041"}],"wp:term":[{"taxonomy":"product_collection","embeddable":true,"href":"https:\/\/osannavisconti.com\/it\/wp-json\/wp\/v2\/product_collection?post=250041"},{"taxonomy":"product_brand","embeddable":true,"href":"https:\/\/osannavisconti.com\/it\/wp-json\/wp\/v2\/product_brand?post=250041"},{"taxonomy":"product_cat","embeddable":true,"href":"https:\/\/osannavisconti.com\/it\/wp-json\/wp\/v2\/product_cat?post=250041"},{"taxonomy":"product_tag","embeddable":true,"href":"https:\/\/osannavisconti.com\/it\/wp-json\/wp\/v2\/product_tag?post=250041"}],"curies":[{"name":"wp","href":"https:\/\/api.w.org\/{rel}","templated":true}]}}