{"id":249780,"date":"2024-12-06T15:33:42","date_gmt":"2024-12-06T14:33:42","guid":{"rendered":"https:\/\/osannavisconti.com\/senza-categoria\/dalia-candle-holder-in-bronze\/"},"modified":"2024-12-09T10:13:54","modified_gmt":"2024-12-09T09:13:54","slug":"candeliere-dalia-bronzo","status":"publish","type":"product","link":"https:\/\/osannavisconti.com\/it\/candelieri\/candeliere-dalia-bronzo\/","title":{"rendered":"Dalia Candle Holder in Bronze"},"content":{"rendered":"<h1>Prima introduzione<\/h1>\n<p> Il portacandele &#8220;dalia&#8221;, in bronzo naturale, \u00e8 realizzato a partire da un fiore dalia utilizzando la tecnica della cera persa. Ogni pezzo \u00e8 unico e viene disegnato e prodotto a Milano da Osanna Visconti. Ogni pezzo \u00e8 unico e viene disegnato e prodotto a Milano da Osanna Visconti. Ogni pezzo \u00e8 unico.<\/p>\n<h2>Second Intro Dalia Candeliere in bronzo<\/h2>\n<p> Il portacandele &#8220;dalia&#8221;, in bronzo naturale, \u00e8 realizzato a partire da un fiore dalia utilizzando la tecnica della cera persa. Ogni pezzo \u00e8 unico e viene disegnato e prodotto a Milano da Osanna Visconti. Ogni pezzo \u00e8 unico e viene disegnato e prodotto a Milano da Osanna Visconti. Ogni pezzo \u00e8 unico.<\/p>\n<h3>Third Intro<\/h3>\n<p> Il portacandele &#8220;dalia&#8221;, in bronzo naturale, \u00e8 realizzato a partire da un fiore dalia utilizzando la tecnica della cera persa. Realizzato a mano e Made in Italy. Progettato e prodotto da Osanna Visconti a Milano presso una fonderia d&#8217;arte italiana. Ogni pezzo \u00e8 unico.<\/p>\n<h4>Fourth Intro<\/h4>\n<p> Il portacandele &#8220;dalia&#8221;, in bronzo naturale, \u00e8 realizzato a partire da un fiore dalia utilizzando la tecnica della cera persa. Ogni pezzo \u00e8 unico e viene disegnato e prodotto a Milano da Osanna Visconti. Ogni pezzo \u00e8 unico e viene disegnato e prodotto a Milano da Osanna Visconti. Ogni pezzo \u00e8 unico.<\/p>\n<p>Tutte le creazioni di Osanna Visconti sono fuse in bronzo naturale con il metodo della fusione a cera persa. Questa antica tecnica lavora con una forma negativa in cui viene colato il metallo fuso. Osanna impasta e modella a mano la sua prima scultura in cera. Come elemento caratterizzante delle sue creazioni, il modello in cera viene utilizzato per creare uno stampo in gesso. Durante la fase di essiccazione in forni riscaldati a 650\u00b0C, la cera viene sciolta e drenata, lasciando la forma negativa per la fusione del bronzo nella fonderia d&#8217;arte.<\/p>\n<p>&#8220;\u00c8 molto difficile trovare giovani che abbiano la passione di imparare questo lavoro manuale. Spero che i giovani di domani apprezzino la bellezza di essere artigiani&#8221;.<\/p>\n<p>Osanna Visconti, designer e creatrice italiana, realizza gioielli e oggetti squisitamente dettagliati, sia funzionali che decorativi, in bronzo naturale utilizzando la tecnica della cera persa, un metodo antico che gli artigiani greci e romani utilizzano da quando il bronzo fu scoperto 3000 anni fa. Osanna condivide con Cabana Magazine il suo amore per gli edifici storici, il collezionismo e l&#8217;artigianato e parla delle sue speranze per il futuro del suo mestiere.<\/p>\n","protected":false},"excerpt":{"rendered":"<p>Il portacandele &#8220;dalia&#8221;, in bronzo naturale, \u00e8 realizzato a partire da un fiore dalia utilizzando la tecnica della cera persa. Ogni pezzo \u00e8 unico e viene disegnato e prodotto a Milano da Osanna Visconti.<\/p>\n","protected":false},"featured_media":249720,"comment_status":"open","ping_status":"closed","template":"","meta":{"_acf_changed":false,"rs_blank_template":"","rs_page_bg_color":"","slide_template_v7":"","inline_featured_image":false},"product_collection":[482],"product_brand":[],"product_cat":[86],"product_tag":[424,390],"class_list":{"0":"post-249780","1":"product","2":"type-product","3":"status-publish","4":"has-post-thumbnail","6":"product_collection-dalie","7":"product_cat-candelieri","8":"product_tag-creazioni","9":"product_tag-shop","10":"pa_finishing-bronzo","11":"pa_material-bronzo","12":"tm-has-options","14":"first","15":"outofstock","16":"taxable","17":"shipping-taxable","18":"purchasable","19":"product-type-simple"},"acf":[],"yoast_head":"<!-- This site is optimized with the Yoast SEO plugin v27.4 - https:\/\/yoast.com\/product\/yoast-seo-wordpress\/ -->\n<title>Dalia Candle Holder in Bronze - Osanna Visconti di Modrone<\/title>\n<meta name=\"description\" content=\"Il portacandele &quot;dalia&quot;, in bronzo naturale, \u00e8 realizzato a partire da un fiore dalia utilizzando la tecnica della cera persa. Ogni pezzo \u00e8 unico.\" \/>\n<meta name=\"robots\" content=\"index, follow, max-snippet:-1, max-image-preview:large, max-video-preview:-1\" \/>\n<link rel=\"canonical\" href=\"https:\/\/osannavisconti.com\/it\/candelieri\/candeliere-dalia-bronzo\/\" \/>\n<meta property=\"og:locale\" content=\"it_IT\" \/>\n<meta property=\"og:type\" content=\"article\" \/>\n<meta property=\"og:title\" content=\"Dalia Candle Holder in Bronze - Osanna Visconti di Modrone\" \/>\n<meta property=\"og:description\" content=\"Il portacandele &quot;dalia&quot;, in bronzo naturale, \u00e8 realizzato a partire da un fiore dalia utilizzando la tecnica della cera persa. Ogni pezzo \u00e8 unico.\" \/>\n<meta property=\"og:url\" content=\"https:\/\/osannavisconti.com\/it\/candelieri\/candeliere-dalia-bronzo\/\" \/>\n<meta property=\"og:site_name\" content=\"Osanna Visconti di Modrone\" \/>\n<meta property=\"article:publisher\" content=\"https:\/\/facebook.com\/osannavisconti\" \/>\n<meta property=\"article:modified_time\" content=\"2024-12-09T09:13:54+00:00\" \/>\n<meta property=\"og:image\" content=\"https:\/\/osannavisconti.com\/wp-content\/uploads\/2024\/12\/dalia-candleholder-bronze-osanna-visconti-1624.jpg\" \/>\n\t<meta property=\"og:image:width\" content=\"1650\" \/>\n\t<meta property=\"og:image:height\" content=\"1981\" \/>\n\t<meta property=\"og:image:type\" content=\"image\/jpeg\" \/>\n<meta name=\"twitter:card\" content=\"summary_large_image\" \/>\n<meta name=\"twitter:label1\" content=\"Tempo di lettura stimato\" \/>\n\t<meta name=\"twitter:data1\" content=\"3 minuti\" \/>\n<script type=\"application\/ld+json\" class=\"yoast-schema-graph\">{\"@context\":\"https:\\\/\\\/schema.org\",\"@graph\":[{\"@type\":\"WebPage\",\"@id\":\"https:\\\/\\\/osannavisconti.com\\\/it\\\/candelieri\\\/candeliere-dalia-bronzo\\\/\",\"url\":\"https:\\\/\\\/osannavisconti.com\\\/it\\\/candelieri\\\/candeliere-dalia-bronzo\\\/\",\"name\":\"Dalia Candle Holder in Bronze - Osanna Visconti di Modrone\",\"isPartOf\":{\"@id\":\"https:\\\/\\\/osannavisconti.com\\\/it\\\/#website\"},\"primaryImageOfPage\":{\"@id\":\"https:\\\/\\\/osannavisconti.com\\\/it\\\/candelieri\\\/candeliere-dalia-bronzo\\\/#primaryimage\"},\"image\":{\"@id\":\"https:\\\/\\\/osannavisconti.com\\\/it\\\/candelieri\\\/candeliere-dalia-bronzo\\\/#primaryimage\"},\"thumbnailUrl\":\"https:\\\/\\\/i0.wp.com\\\/osannavisconti.com\\\/wp-content\\\/uploads\\\/2024\\\/12\\\/dalia-candleholder-bronze-osanna-visconti-1624.jpg?fit=1650%2C1981&ssl=1\",\"datePublished\":\"2024-12-06T14:33:42+00:00\",\"dateModified\":\"2024-12-09T09:13:54+00:00\",\"description\":\"Il portacandele \\\"dalia\\\", in bronzo naturale, \u00e8 realizzato a partire da un fiore dalia utilizzando la tecnica della cera persa. Ogni pezzo \u00e8 unico.\",\"breadcrumb\":{\"@id\":\"https:\\\/\\\/osannavisconti.com\\\/it\\\/candelieri\\\/candeliere-dalia-bronzo\\\/#breadcrumb\"},\"inLanguage\":\"it-IT\",\"potentialAction\":[{\"@type\":\"ReadAction\",\"target\":[\"https:\\\/\\\/osannavisconti.com\\\/it\\\/candelieri\\\/candeliere-dalia-bronzo\\\/\"]}]},{\"@type\":\"ImageObject\",\"inLanguage\":\"it-IT\",\"@id\":\"https:\\\/\\\/osannavisconti.com\\\/it\\\/candelieri\\\/candeliere-dalia-bronzo\\\/#primaryimage\",\"url\":\"https:\\\/\\\/i0.wp.com\\\/osannavisconti.com\\\/wp-content\\\/uploads\\\/2024\\\/12\\\/dalia-candleholder-bronze-osanna-visconti-1624.jpg?fit=1650%2C1981&ssl=1\",\"contentUrl\":\"https:\\\/\\\/i0.wp.com\\\/osannavisconti.com\\\/wp-content\\\/uploads\\\/2024\\\/12\\\/dalia-candleholder-bronze-osanna-visconti-1624.jpg?fit=1650%2C1981&ssl=1\",\"width\":1650,\"height\":1981,\"caption\":\"Dalia Candle Holder in Bronze - M\"},{\"@type\":\"BreadcrumbList\",\"@id\":\"https:\\\/\\\/osannavisconti.com\\\/it\\\/candelieri\\\/candeliere-dalia-bronzo\\\/#breadcrumb\",\"itemListElement\":[{\"@type\":\"ListItem\",\"position\":1,\"name\":\"Home\",\"item\":\"https:\\\/\\\/osannavisconti.com\\\/it\\\/\"},{\"@type\":\"ListItem\",\"position\":2,\"name\":\"Shop\",\"item\":\"https:\\\/\\\/osannavisconti.com\\\/it\\\/shop\\\/\"},{\"@type\":\"ListItem\",\"position\":3,\"name\":\"Dalia Candle Holder in Bronze\"}]},{\"@type\":\"WebSite\",\"@id\":\"https:\\\/\\\/osannavisconti.com\\\/it\\\/#website\",\"url\":\"https:\\\/\\\/osannavisconti.com\\\/it\\\/\",\"name\":\"Osanna Visconti - Bronze furnishings and design objects\",\"description\":\"Interior Design Milano\",\"publisher\":{\"@id\":\"https:\\\/\\\/osannavisconti.com\\\/it\\\/#organization\"},\"alternateName\":\"OVM\",\"potentialAction\":[{\"@type\":\"SearchAction\",\"target\":{\"@type\":\"EntryPoint\",\"urlTemplate\":\"https:\\\/\\\/osannavisconti.com\\\/it\\\/?s={search_term_string}\"},\"query-input\":{\"@type\":\"PropertyValueSpecification\",\"valueRequired\":true,\"valueName\":\"search_term_string\"}}],\"inLanguage\":\"it-IT\"},{\"@type\":\"Organization\",\"@id\":\"https:\\\/\\\/osannavisconti.com\\\/it\\\/#organization\",\"name\":\"O.M. Visconti S.r.l.\",\"alternateName\":\"OMV\",\"url\":\"https:\\\/\\\/osannavisconti.com\\\/it\\\/\",\"logo\":{\"@type\":\"ImageObject\",\"inLanguage\":\"it-IT\",\"@id\":\"https:\\\/\\\/osannavisconti.com\\\/it\\\/#\\\/schema\\\/logo\\\/image\\\/\",\"url\":\"https:\\\/\\\/osannavisconti.com\\\/wp-content\\\/uploads\\\/2025\\\/03\\\/osanna-visconti-logo-firma.png\",\"contentUrl\":\"https:\\\/\\\/osannavisconti.com\\\/wp-content\\\/uploads\\\/2025\\\/03\\\/osanna-visconti-logo-firma.png\",\"width\":1599,\"height\":810,\"caption\":\"O.M. Visconti S.r.l.\"},\"image\":{\"@id\":\"https:\\\/\\\/osannavisconti.com\\\/it\\\/#\\\/schema\\\/logo\\\/image\\\/\"},\"sameAs\":[\"https:\\\/\\\/facebook.com\\\/osannavisconti\",\"https:\\\/\\\/instagram.com\\\/osannavisconti\",\"https:\\\/\\\/linkedin.com\\\/showcase\\\/osannavisconti\"]}]}<\/script>\n<!-- \/ Yoast SEO plugin. -->","yoast_head_json":{"title":"Dalia Candle Holder in Bronze - Osanna Visconti di Modrone","description":"Il portacandele \"dalia\", in bronzo naturale, \u00e8 realizzato a partire da un fiore dalia utilizzando la tecnica della cera persa. Ogni pezzo \u00e8 unico.","robots":{"index":"index","follow":"follow","max-snippet":"max-snippet:-1","max-image-preview":"max-image-preview:large","max-video-preview":"max-video-preview:-1"},"canonical":"https:\/\/osannavisconti.com\/it\/candelieri\/candeliere-dalia-bronzo\/","og_locale":"it_IT","og_type":"article","og_title":"Dalia Candle Holder in Bronze - Osanna Visconti di Modrone","og_description":"Il portacandele \"dalia\", in bronzo naturale, \u00e8 realizzato a partire da un fiore dalia utilizzando la tecnica della cera persa. Ogni pezzo \u00e8 unico.","og_url":"https:\/\/osannavisconti.com\/it\/candelieri\/candeliere-dalia-bronzo\/","og_site_name":"Osanna Visconti di Modrone","article_publisher":"https:\/\/facebook.com\/osannavisconti","article_modified_time":"2024-12-09T09:13:54+00:00","og_image":[{"width":1650,"height":1981,"url":"https:\/\/osannavisconti.com\/wp-content\/uploads\/2024\/12\/dalia-candleholder-bronze-osanna-visconti-1624.jpg","type":"image\/jpeg"}],"twitter_card":"summary_large_image","twitter_misc":{"Tempo di lettura stimato":"3 minuti"},"schema":{"@context":"https:\/\/schema.org","@graph":[{"@type":"WebPage","@id":"https:\/\/osannavisconti.com\/it\/candelieri\/candeliere-dalia-bronzo\/","url":"https:\/\/osannavisconti.com\/it\/candelieri\/candeliere-dalia-bronzo\/","name":"Dalia Candle Holder in Bronze - Osanna Visconti di Modrone","isPartOf":{"@id":"https:\/\/osannavisconti.com\/it\/#website"},"primaryImageOfPage":{"@id":"https:\/\/osannavisconti.com\/it\/candelieri\/candeliere-dalia-bronzo\/#primaryimage"},"image":{"@id":"https:\/\/osannavisconti.com\/it\/candelieri\/candeliere-dalia-bronzo\/#primaryimage"},"thumbnailUrl":"https:\/\/i0.wp.com\/osannavisconti.com\/wp-content\/uploads\/2024\/12\/dalia-candleholder-bronze-osanna-visconti-1624.jpg?fit=1650%2C1981&ssl=1","datePublished":"2024-12-06T14:33:42+00:00","dateModified":"2024-12-09T09:13:54+00:00","description":"Il portacandele \"dalia\", in bronzo naturale, \u00e8 realizzato a partire da un fiore dalia utilizzando la tecnica della cera persa. Ogni pezzo \u00e8 unico.","breadcrumb":{"@id":"https:\/\/osannavisconti.com\/it\/candelieri\/candeliere-dalia-bronzo\/#breadcrumb"},"inLanguage":"it-IT","potentialAction":[{"@type":"ReadAction","target":["https:\/\/osannavisconti.com\/it\/candelieri\/candeliere-dalia-bronzo\/"]}]},{"@type":"ImageObject","inLanguage":"it-IT","@id":"https:\/\/osannavisconti.com\/it\/candelieri\/candeliere-dalia-bronzo\/#primaryimage","url":"https:\/\/i0.wp.com\/osannavisconti.com\/wp-content\/uploads\/2024\/12\/dalia-candleholder-bronze-osanna-visconti-1624.jpg?fit=1650%2C1981&ssl=1","contentUrl":"https:\/\/i0.wp.com\/osannavisconti.com\/wp-content\/uploads\/2024\/12\/dalia-candleholder-bronze-osanna-visconti-1624.jpg?fit=1650%2C1981&ssl=1","width":1650,"height":1981,"caption":"Dalia Candle Holder in Bronze - M"},{"@type":"BreadcrumbList","@id":"https:\/\/osannavisconti.com\/it\/candelieri\/candeliere-dalia-bronzo\/#breadcrumb","itemListElement":[{"@type":"ListItem","position":1,"name":"Home","item":"https:\/\/osannavisconti.com\/it\/"},{"@type":"ListItem","position":2,"name":"Shop","item":"https:\/\/osannavisconti.com\/it\/shop\/"},{"@type":"ListItem","position":3,"name":"Dalia Candle Holder in Bronze"}]},{"@type":"WebSite","@id":"https:\/\/osannavisconti.com\/it\/#website","url":"https:\/\/osannavisconti.com\/it\/","name":"Osanna Visconti - Bronze furnishings and design objects","description":"Interior Design Milano","publisher":{"@id":"https:\/\/osannavisconti.com\/it\/#organization"},"alternateName":"OVM","potentialAction":[{"@type":"SearchAction","target":{"@type":"EntryPoint","urlTemplate":"https:\/\/osannavisconti.com\/it\/?s={search_term_string}"},"query-input":{"@type":"PropertyValueSpecification","valueRequired":true,"valueName":"search_term_string"}}],"inLanguage":"it-IT"},{"@type":"Organization","@id":"https:\/\/osannavisconti.com\/it\/#organization","name":"O.M. Visconti S.r.l.","alternateName":"OMV","url":"https:\/\/osannavisconti.com\/it\/","logo":{"@type":"ImageObject","inLanguage":"it-IT","@id":"https:\/\/osannavisconti.com\/it\/#\/schema\/logo\/image\/","url":"https:\/\/osannavisconti.com\/wp-content\/uploads\/2025\/03\/osanna-visconti-logo-firma.png","contentUrl":"https:\/\/osannavisconti.com\/wp-content\/uploads\/2025\/03\/osanna-visconti-logo-firma.png","width":1599,"height":810,"caption":"O.M. Visconti S.r.l."},"image":{"@id":"https:\/\/osannavisconti.com\/it\/#\/schema\/logo\/image\/"},"sameAs":["https:\/\/facebook.com\/osannavisconti","https:\/\/instagram.com\/osannavisconti","https:\/\/linkedin.com\/showcase\/osannavisconti"]}]}},"df_price":811,"df_sale_price":"","df_regular_price":811,"df_image_link":"https:\/\/i0.wp.com\/osannavisconti.com\/wp-content\/uploads\/2024\/12\/dalia-candleholder-bronze-osanna-visconti-1624.jpg?fit=250%2C300&ssl=1","_links":{"self":[{"href":"https:\/\/osannavisconti.com\/it\/wp-json\/wp\/v2\/product\/249780","targetHints":{"allow":["GET"]}}],"collection":[{"href":"https:\/\/osannavisconti.com\/it\/wp-json\/wp\/v2\/product"}],"about":[{"href":"https:\/\/osannavisconti.com\/it\/wp-json\/wp\/v2\/types\/product"}],"replies":[{"embeddable":true,"href":"https:\/\/osannavisconti.com\/it\/wp-json\/wp\/v2\/comments?post=249780"}],"wp:featuredmedia":[{"embeddable":true,"href":"https:\/\/osannavisconti.com\/it\/wp-json\/wp\/v2\/media\/249720"}],"wp:attachment":[{"href":"https:\/\/osannavisconti.com\/it\/wp-json\/wp\/v2\/media?parent=249780"}],"wp:term":[{"taxonomy":"product_collection","embeddable":true,"href":"https:\/\/osannavisconti.com\/it\/wp-json\/wp\/v2\/product_collection?post=249780"},{"taxonomy":"product_brand","embeddable":true,"href":"https:\/\/osannavisconti.com\/it\/wp-json\/wp\/v2\/product_brand?post=249780"},{"taxonomy":"product_cat","embeddable":true,"href":"https:\/\/osannavisconti.com\/it\/wp-json\/wp\/v2\/product_cat?post=249780"},{"taxonomy":"product_tag","embeddable":true,"href":"https:\/\/osannavisconti.com\/it\/wp-json\/wp\/v2\/product_tag?post=249780"}],"curies":[{"name":"wp","href":"https:\/\/api.w.org\/{rel}","templated":true}]}}