{"id":247312,"date":"2023-10-12T16:28:29","date_gmt":"2023-10-12T14:28:29","guid":{"rendered":"https:\/\/osannavisconti.com\/?post_type=product&#038;p=247312"},"modified":"2025-06-11T12:38:29","modified_gmt":"2025-06-11T10:38:29","slug":"bambu-applique-bronzo-1529","status":"publish","type":"product","link":"https:\/\/osannavisconti.com\/it\/lampade\/bambu-applique-bronzo-1529\/","title":{"rendered":"Bamb\u00f9 Wall Lamp in Bronze &#8211; Style 1529"},"content":{"rendered":"<p>L&#8217;applique &#8220;Bamb\u00f9&#8221; viene realizzato in bronzo naturale attraverso l&#8217;utilizzo della tecnica della cera persa. Ogni prodotto \u00e8 unico e viene disegnato e prodotto a Milano da Osanna Visconti. <\/p>\n","protected":false},"excerpt":{"rendered":"<p>L&#8217;applique &#8220;Bamb\u00f9&#8221; viene realizzato in bronzo naturale attraverso l&#8217;utilizzo della tecnica della cera persa. Ogni prodotto \u00e8 unico e viene disegnato e prodotto a Milano da Osanna Visconti. <\/p>\n","protected":false},"featured_media":247287,"comment_status":"open","ping_status":"closed","template":"","meta":{"_acf_changed":false,"rs_blank_template":"","rs_page_bg_color":"","slide_template_v7":"","inline_featured_image":false},"product_collection":[248],"product_brand":[],"product_cat":[492,19],"product_tag":[424],"class_list":{"0":"post-247312","1":"product","2":"type-product","3":"status-publish","4":"has-post-thumbnail","6":"product_collection-bambu","7":"product_cat-applique","8":"product_cat-lampade","9":"product_tag-creazioni","10":"pa_finishing-bronzo","11":"pa_groupage-bamboo-illuminazione","12":"pa_material-bronzo","13":"tm-no-options","15":"first","16":"instock","17":"taxable","18":"shipping-taxable","19":"product-type-simple"},"acf":[],"yoast_head":"<!-- This site is optimized with the Yoast SEO plugin v27.4 - https:\/\/yoast.com\/product\/yoast-seo-wordpress\/ -->\n<title>L&#039;applique &quot;Bamb\u00f9&quot; viene realizzato in bronzo naturale attraverso l&#039;utilizzo della tecnica della cera persa. Ogni prodotto \u00e8 unico e viene disegnato e prodotto a Milano da Osanna Visconti.<\/title>\n<meta name=\"description\" content=\"L&#039;applique &quot;Bamb\u00f9&quot; viene realizzato in bronzo naturale attraverso l&#039;utilizzo della tecnica della cera persa. Ogni prodotto \u00e8 unico e viene disegnato e prodotto a Milano da Osanna Visconti.\" \/>\n<meta name=\"robots\" content=\"index, follow, max-snippet:-1, max-image-preview:large, max-video-preview:-1\" \/>\n<link rel=\"canonical\" href=\"https:\/\/osannavisconti.com\/it\/lampade\/bambu-applique-bronzo-1529\/\" \/>\n<meta property=\"og:locale\" content=\"it_IT\" \/>\n<meta property=\"og:type\" content=\"article\" \/>\n<meta property=\"og:title\" content=\"L&#039;applique &quot;Bamb\u00f9&quot; viene realizzato in bronzo naturale attraverso l&#039;utilizzo della tecnica della cera persa. Ogni prodotto \u00e8 unico e viene disegnato e prodotto a Milano da Osanna Visconti.\" \/>\n<meta property=\"og:description\" content=\"L&#039;applique &quot;Bamb\u00f9&quot; viene realizzato in bronzo naturale attraverso l&#039;utilizzo della tecnica della cera persa. Ogni prodotto \u00e8 unico e viene disegnato e prodotto a Milano da Osanna Visconti.\" \/>\n<meta property=\"og:url\" content=\"https:\/\/osannavisconti.com\/it\/lampade\/bambu-applique-bronzo-1529\/\" \/>\n<meta property=\"og:site_name\" content=\"Osanna Visconti di Modrone\" \/>\n<meta property=\"article:publisher\" content=\"https:\/\/facebook.com\/osannavisconti\" \/>\n<meta property=\"article:modified_time\" content=\"2025-06-11T10:38:29+00:00\" \/>\n<meta property=\"og:image\" content=\"https:\/\/osannavisconti.com\/wp-content\/uploads\/2023\/10\/bamboo-applique-bronze-illuminated-osanna-visconti-1529-1-scaled.jpg\" \/>\n\t<meta property=\"og:image:width\" content=\"1366\" \/>\n\t<meta property=\"og:image:height\" content=\"2048\" \/>\n\t<meta property=\"og:image:type\" content=\"image\/jpeg\" \/>\n<meta name=\"twitter:card\" content=\"summary_large_image\" \/>\n<meta name=\"twitter:label1\" content=\"Tempo di lettura stimato\" \/>\n\t<meta name=\"twitter:data1\" content=\"1 minuto\" \/>\n<script type=\"application\/ld+json\" class=\"yoast-schema-graph\">{\"@context\":\"https:\\\/\\\/schema.org\",\"@graph\":[{\"@type\":\"WebPage\",\"@id\":\"https:\\\/\\\/osannavisconti.com\\\/it\\\/lampade\\\/bambu-applique-bronzo-1529\\\/\",\"url\":\"https:\\\/\\\/osannavisconti.com\\\/it\\\/lampade\\\/bambu-applique-bronzo-1529\\\/\",\"name\":\"L'applique \\\"Bamb\u00f9\\\" viene realizzato in bronzo naturale attraverso l'utilizzo della tecnica della cera persa. Ogni prodotto \u00e8 unico e viene disegnato e prodotto a Milano da Osanna Visconti.\",\"isPartOf\":{\"@id\":\"https:\\\/\\\/osannavisconti.com\\\/it\\\/#website\"},\"primaryImageOfPage\":{\"@id\":\"https:\\\/\\\/osannavisconti.com\\\/it\\\/lampade\\\/bambu-applique-bronzo-1529\\\/#primaryimage\"},\"image\":{\"@id\":\"https:\\\/\\\/osannavisconti.com\\\/it\\\/lampade\\\/bambu-applique-bronzo-1529\\\/#primaryimage\"},\"thumbnailUrl\":\"https:\\\/\\\/i0.wp.com\\\/osannavisconti.com\\\/wp-content\\\/uploads\\\/2023\\\/10\\\/bamboo-applique-bronze-illuminated-osanna-visconti-1529-1-scaled.jpg?fit=1366%2C2048&ssl=1\",\"datePublished\":\"2023-10-12T14:28:29+00:00\",\"dateModified\":\"2025-06-11T10:38:29+00:00\",\"description\":\"L'applique \\\"Bamb\u00f9\\\" viene realizzato in bronzo naturale attraverso l'utilizzo della tecnica della cera persa. Ogni prodotto \u00e8 unico e viene disegnato e prodotto a Milano da Osanna Visconti.\",\"breadcrumb\":{\"@id\":\"https:\\\/\\\/osannavisconti.com\\\/it\\\/lampade\\\/bambu-applique-bronzo-1529\\\/#breadcrumb\"},\"inLanguage\":\"it-IT\",\"potentialAction\":[{\"@type\":\"ReadAction\",\"target\":[\"https:\\\/\\\/osannavisconti.com\\\/it\\\/lampade\\\/bambu-applique-bronzo-1529\\\/\"]}]},{\"@type\":\"ImageObject\",\"inLanguage\":\"it-IT\",\"@id\":\"https:\\\/\\\/osannavisconti.com\\\/it\\\/lampade\\\/bambu-applique-bronzo-1529\\\/#primaryimage\",\"url\":\"https:\\\/\\\/i0.wp.com\\\/osannavisconti.com\\\/wp-content\\\/uploads\\\/2023\\\/10\\\/bamboo-applique-bronze-illuminated-osanna-visconti-1529-1-scaled.jpg?fit=1366%2C2048&ssl=1\",\"contentUrl\":\"https:\\\/\\\/i0.wp.com\\\/osannavisconti.com\\\/wp-content\\\/uploads\\\/2023\\\/10\\\/bamboo-applique-bronze-illuminated-osanna-visconti-1529-1-scaled.jpg?fit=1366%2C2048&ssl=1\",\"width\":1366,\"height\":2048,\"caption\":\"BAMBOO APPLIQUE BRONZE NATURAL 120h\"},{\"@type\":\"BreadcrumbList\",\"@id\":\"https:\\\/\\\/osannavisconti.com\\\/it\\\/lampade\\\/bambu-applique-bronzo-1529\\\/#breadcrumb\",\"itemListElement\":[{\"@type\":\"ListItem\",\"position\":1,\"name\":\"Home\",\"item\":\"https:\\\/\\\/osannavisconti.com\\\/it\\\/\"},{\"@type\":\"ListItem\",\"position\":2,\"name\":\"Shop\",\"item\":\"https:\\\/\\\/osannavisconti.com\\\/it\\\/shop\\\/\"},{\"@type\":\"ListItem\",\"position\":3,\"name\":\"Bamb\u00f9 Wall Lamp in Bronze &#8211; Style 1529\"}]},{\"@type\":\"WebSite\",\"@id\":\"https:\\\/\\\/osannavisconti.com\\\/it\\\/#website\",\"url\":\"https:\\\/\\\/osannavisconti.com\\\/it\\\/\",\"name\":\"Osanna Visconti - Bronze furnishings and design objects\",\"description\":\"Interior Design Milano\",\"publisher\":{\"@id\":\"https:\\\/\\\/osannavisconti.com\\\/it\\\/#organization\"},\"alternateName\":\"OVM\",\"potentialAction\":[{\"@type\":\"SearchAction\",\"target\":{\"@type\":\"EntryPoint\",\"urlTemplate\":\"https:\\\/\\\/osannavisconti.com\\\/it\\\/?s={search_term_string}\"},\"query-input\":{\"@type\":\"PropertyValueSpecification\",\"valueRequired\":true,\"valueName\":\"search_term_string\"}}],\"inLanguage\":\"it-IT\"},{\"@type\":\"Organization\",\"@id\":\"https:\\\/\\\/osannavisconti.com\\\/it\\\/#organization\",\"name\":\"O.M. Visconti S.r.l.\",\"alternateName\":\"OMV\",\"url\":\"https:\\\/\\\/osannavisconti.com\\\/it\\\/\",\"logo\":{\"@type\":\"ImageObject\",\"inLanguage\":\"it-IT\",\"@id\":\"https:\\\/\\\/osannavisconti.com\\\/it\\\/#\\\/schema\\\/logo\\\/image\\\/\",\"url\":\"https:\\\/\\\/osannavisconti.com\\\/wp-content\\\/uploads\\\/2025\\\/03\\\/osanna-visconti-logo-firma.png\",\"contentUrl\":\"https:\\\/\\\/osannavisconti.com\\\/wp-content\\\/uploads\\\/2025\\\/03\\\/osanna-visconti-logo-firma.png\",\"width\":1599,\"height\":810,\"caption\":\"O.M. Visconti S.r.l.\"},\"image\":{\"@id\":\"https:\\\/\\\/osannavisconti.com\\\/it\\\/#\\\/schema\\\/logo\\\/image\\\/\"},\"sameAs\":[\"https:\\\/\\\/facebook.com\\\/osannavisconti\",\"https:\\\/\\\/instagram.com\\\/osannavisconti\",\"https:\\\/\\\/linkedin.com\\\/showcase\\\/osannavisconti\"]}]}<\/script>\n<!-- \/ Yoast SEO plugin. -->","yoast_head_json":{"title":"L'applique \"Bamb\u00f9\" viene realizzato in bronzo naturale attraverso l'utilizzo della tecnica della cera persa. Ogni prodotto \u00e8 unico e viene disegnato e prodotto a Milano da Osanna Visconti.","description":"L'applique \"Bamb\u00f9\" viene realizzato in bronzo naturale attraverso l'utilizzo della tecnica della cera persa. Ogni prodotto \u00e8 unico e viene disegnato e prodotto a Milano da Osanna Visconti.","robots":{"index":"index","follow":"follow","max-snippet":"max-snippet:-1","max-image-preview":"max-image-preview:large","max-video-preview":"max-video-preview:-1"},"canonical":"https:\/\/osannavisconti.com\/it\/lampade\/bambu-applique-bronzo-1529\/","og_locale":"it_IT","og_type":"article","og_title":"L'applique \"Bamb\u00f9\" viene realizzato in bronzo naturale attraverso l'utilizzo della tecnica della cera persa. Ogni prodotto \u00e8 unico e viene disegnato e prodotto a Milano da Osanna Visconti.","og_description":"L'applique \"Bamb\u00f9\" viene realizzato in bronzo naturale attraverso l'utilizzo della tecnica della cera persa. Ogni prodotto \u00e8 unico e viene disegnato e prodotto a Milano da Osanna Visconti.","og_url":"https:\/\/osannavisconti.com\/it\/lampade\/bambu-applique-bronzo-1529\/","og_site_name":"Osanna Visconti di Modrone","article_publisher":"https:\/\/facebook.com\/osannavisconti","article_modified_time":"2025-06-11T10:38:29+00:00","og_image":[{"width":1366,"height":2048,"url":"https:\/\/osannavisconti.com\/wp-content\/uploads\/2023\/10\/bamboo-applique-bronze-illuminated-osanna-visconti-1529-1-scaled.jpg","type":"image\/jpeg"}],"twitter_card":"summary_large_image","twitter_misc":{"Tempo di lettura stimato":"1 minuto"},"schema":{"@context":"https:\/\/schema.org","@graph":[{"@type":"WebPage","@id":"https:\/\/osannavisconti.com\/it\/lampade\/bambu-applique-bronzo-1529\/","url":"https:\/\/osannavisconti.com\/it\/lampade\/bambu-applique-bronzo-1529\/","name":"L'applique \"Bamb\u00f9\" viene realizzato in bronzo naturale attraverso l'utilizzo della tecnica della cera persa. Ogni prodotto \u00e8 unico e viene disegnato e prodotto a Milano da Osanna Visconti.","isPartOf":{"@id":"https:\/\/osannavisconti.com\/it\/#website"},"primaryImageOfPage":{"@id":"https:\/\/osannavisconti.com\/it\/lampade\/bambu-applique-bronzo-1529\/#primaryimage"},"image":{"@id":"https:\/\/osannavisconti.com\/it\/lampade\/bambu-applique-bronzo-1529\/#primaryimage"},"thumbnailUrl":"https:\/\/i0.wp.com\/osannavisconti.com\/wp-content\/uploads\/2023\/10\/bamboo-applique-bronze-illuminated-osanna-visconti-1529-1-scaled.jpg?fit=1366%2C2048&ssl=1","datePublished":"2023-10-12T14:28:29+00:00","dateModified":"2025-06-11T10:38:29+00:00","description":"L'applique \"Bamb\u00f9\" viene realizzato in bronzo naturale attraverso l'utilizzo della tecnica della cera persa. Ogni prodotto \u00e8 unico e viene disegnato e prodotto a Milano da Osanna Visconti.","breadcrumb":{"@id":"https:\/\/osannavisconti.com\/it\/lampade\/bambu-applique-bronzo-1529\/#breadcrumb"},"inLanguage":"it-IT","potentialAction":[{"@type":"ReadAction","target":["https:\/\/osannavisconti.com\/it\/lampade\/bambu-applique-bronzo-1529\/"]}]},{"@type":"ImageObject","inLanguage":"it-IT","@id":"https:\/\/osannavisconti.com\/it\/lampade\/bambu-applique-bronzo-1529\/#primaryimage","url":"https:\/\/i0.wp.com\/osannavisconti.com\/wp-content\/uploads\/2023\/10\/bamboo-applique-bronze-illuminated-osanna-visconti-1529-1-scaled.jpg?fit=1366%2C2048&ssl=1","contentUrl":"https:\/\/i0.wp.com\/osannavisconti.com\/wp-content\/uploads\/2023\/10\/bamboo-applique-bronze-illuminated-osanna-visconti-1529-1-scaled.jpg?fit=1366%2C2048&ssl=1","width":1366,"height":2048,"caption":"BAMBOO APPLIQUE BRONZE NATURAL 120h"},{"@type":"BreadcrumbList","@id":"https:\/\/osannavisconti.com\/it\/lampade\/bambu-applique-bronzo-1529\/#breadcrumb","itemListElement":[{"@type":"ListItem","position":1,"name":"Home","item":"https:\/\/osannavisconti.com\/it\/"},{"@type":"ListItem","position":2,"name":"Shop","item":"https:\/\/osannavisconti.com\/it\/shop\/"},{"@type":"ListItem","position":3,"name":"Bamb\u00f9 Wall Lamp in Bronze &#8211; Style 1529"}]},{"@type":"WebSite","@id":"https:\/\/osannavisconti.com\/it\/#website","url":"https:\/\/osannavisconti.com\/it\/","name":"Osanna Visconti - Bronze furnishings and design objects","description":"Interior Design Milano","publisher":{"@id":"https:\/\/osannavisconti.com\/it\/#organization"},"alternateName":"OVM","potentialAction":[{"@type":"SearchAction","target":{"@type":"EntryPoint","urlTemplate":"https:\/\/osannavisconti.com\/it\/?s={search_term_string}"},"query-input":{"@type":"PropertyValueSpecification","valueRequired":true,"valueName":"search_term_string"}}],"inLanguage":"it-IT"},{"@type":"Organization","@id":"https:\/\/osannavisconti.com\/it\/#organization","name":"O.M. Visconti S.r.l.","alternateName":"OMV","url":"https:\/\/osannavisconti.com\/it\/","logo":{"@type":"ImageObject","inLanguage":"it-IT","@id":"https:\/\/osannavisconti.com\/it\/#\/schema\/logo\/image\/","url":"https:\/\/osannavisconti.com\/wp-content\/uploads\/2025\/03\/osanna-visconti-logo-firma.png","contentUrl":"https:\/\/osannavisconti.com\/wp-content\/uploads\/2025\/03\/osanna-visconti-logo-firma.png","width":1599,"height":810,"caption":"O.M. Visconti S.r.l."},"image":{"@id":"https:\/\/osannavisconti.com\/it\/#\/schema\/logo\/image\/"},"sameAs":["https:\/\/facebook.com\/osannavisconti","https:\/\/instagram.com\/osannavisconti","https:\/\/linkedin.com\/showcase\/osannavisconti"]}]}},"df_price":"","df_sale_price":"","df_regular_price":"","df_image_link":"https:\/\/i0.wp.com\/osannavisconti.com\/wp-content\/uploads\/2023\/10\/bamboo-applique-bronze-illuminated-osanna-visconti-1529-1-scaled.jpg?fit=200%2C300&ssl=1","_links":{"self":[{"href":"https:\/\/osannavisconti.com\/it\/wp-json\/wp\/v2\/product\/247312","targetHints":{"allow":["GET"]}}],"collection":[{"href":"https:\/\/osannavisconti.com\/it\/wp-json\/wp\/v2\/product"}],"about":[{"href":"https:\/\/osannavisconti.com\/it\/wp-json\/wp\/v2\/types\/product"}],"replies":[{"embeddable":true,"href":"https:\/\/osannavisconti.com\/it\/wp-json\/wp\/v2\/comments?post=247312"}],"wp:featuredmedia":[{"embeddable":true,"href":"https:\/\/osannavisconti.com\/it\/wp-json\/wp\/v2\/media\/247287"}],"wp:attachment":[{"href":"https:\/\/osannavisconti.com\/it\/wp-json\/wp\/v2\/media?parent=247312"}],"wp:term":[{"taxonomy":"product_collection","embeddable":true,"href":"https:\/\/osannavisconti.com\/it\/wp-json\/wp\/v2\/product_collection?post=247312"},{"taxonomy":"product_brand","embeddable":true,"href":"https:\/\/osannavisconti.com\/it\/wp-json\/wp\/v2\/product_brand?post=247312"},{"taxonomy":"product_cat","embeddable":true,"href":"https:\/\/osannavisconti.com\/it\/wp-json\/wp\/v2\/product_cat?post=247312"},{"taxonomy":"product_tag","embeddable":true,"href":"https:\/\/osannavisconti.com\/it\/wp-json\/wp\/v2\/product_tag?post=247312"}],"curies":[{"name":"wp","href":"https:\/\/api.w.org\/{rel}","templated":true}]}}