{"id":221792,"date":"2023-07-20T13:19:18","date_gmt":"2023-07-20T11:19:18","guid":{"rendered":"https:\/\/osannavisconti.com\/senza-categoria\/vetro-coffee-table-bronze-fume\/"},"modified":"2024-04-04T13:39:31","modified_gmt":"2024-04-04T11:39:31","slug":"vetro-tavolo-bronzo-fume","status":"publish","type":"product","link":"https:\/\/osannavisconti.com\/it\/tavoli\/vetro-tavolo-bronzo-fume\/","title":{"rendered":"Vetro Coffee Table in Bronze with Fum\u00e8 Cast-Glass"},"content":{"rendered":"<h1>First Intro<\/h1>\n<p> Vetro Coffee Table sculpted with an intricate design fused in Natural Bronze using the lost-wax casting technique together with Fum\u00e8 cast-glass. Handcrafted and Made in Italy. Designed and produced by Osanna Visconti in Milan at an Italian casting foundry. Each piece is one-of-a-kind.<\/p>\n<h2>Second Intro Vetro Coffee Table in Bronze<\/h2>\n<p> Vetro Coffee Table sculpted with an intricate design fused in Natural Bronze using the lost-wax casting technique together with Fum\u00e8 cast-glass. Handcrafted and Made in Italy. Designed and produced by Osanna Visconti in Milan at an Italian casting foundry. Each piece is one-of-a-kind.<\/p>\n<h3>Third Intro<\/h3>\n<p> Vetro Coffee Table sculpted with an intricate design fused in Natural Bronze using the lost-wax casting technique together with Fum\u00e8 cast-glass. Handcrafted and Made in Italy. Designed and produced by Osanna Visconti in Milan at an Italian casting foundry. Each piece is one-of-a-kind.<\/p>\n<h4>Fourth Intro<\/h4>\n<p> Vetro Coffee Table sculpted with an intricate design fused in Natural Bronze using the lost-wax casting technique together with Fum\u00e8 cast-glass. Handcrafted and Made in Italy. Designed and produced by Osanna Visconti in Milan at an Italian casting foundry. Each piece is one-of-a-kind.<\/p>\n<p>All of Osanna Visconti\u2019s creations are fused in natural bronze using the lost-wax casting method. This ancient technique works with a negative form in which molten metal is cast. Osanna kneads and shapes her initial wax sculpture by hand. As the defining element of her creations, the wax model is used to create a plaster mould. During the drying phase in kilns heated to 650\u00b0C, the wax is melted and drained away, leaving behind the negative form for the casting of bronze in the art foundry.<\/p>\n<p>&#8220;It\u2019s very difficult to find young people who have the passion to learn this manual job. I hope that tomorrow\u2019s youth will appreciate the beauty in being an artisan.&#8221;<\/p>\n<p>Italian designer and maker, Osanna Visconti, casts exquisitely detailed jewellery and objects, both functional and decorative, from natural bronze using the lost wax technique &#8211; an ancient method that Greek and Roman artisans have been using since bronze was discovered 3000 years ago. Osanna shares with Cabana Magazine her love of historic buildings, collecting and artisanship, and discusses her hopes for the future of her craft.<\/p>\n","protected":false},"excerpt":{"rendered":"<p>Il tavolino da caff\u00e8 viene realizzata in Bronzo naturale e vetro soffiato Fum\u00e8. Ogni pezzo \u00e8 unico e viene disegnato e prodotto a Milano da Osana Visconti. <\/p>\n","protected":false},"featured_media":221777,"comment_status":"open","ping_status":"closed","template":"","meta":{"_acf_changed":false,"rs_blank_template":"","rs_page_bg_color":"","slide_template_v7":"","inline_featured_image":false},"product_collection":[403],"product_brand":[],"product_cat":[480,15],"product_tag":[424],"class_list":{"0":"post-221792","1":"product","2":"type-product","3":"status-publish","4":"has-post-thumbnail","6":"product_collection-vetro","7":"product_cat-tavolini","8":"product_cat-tavoli","9":"product_tag-creazioni","10":"pa_finishing-bronzo","11":"pa_material-bronzo","12":"pa_material-vetro","13":"tm-no-options","15":"first","16":"instock","17":"taxable","18":"shipping-taxable","19":"product-type-simple"},"acf":[],"yoast_head":"<!-- This site is optimized with the Yoast SEO plugin v27.4 - https:\/\/yoast.com\/product\/yoast-seo-wordpress\/ -->\n<title>Vetro Coffee Table in Bronze with Fum\u00e8 Cast-Glass - Osanna Visconti di Modrone<\/title>\n<meta name=\"description\" content=\"Il tavolino da caff? viene realizzata in Bronzo naturale e vetro soffiato Fum?. Ogni pezzo ? unico e viene disegnato e prodotto a Milano da Osana Visconti.\" \/>\n<meta name=\"robots\" content=\"index, follow, max-snippet:-1, max-image-preview:large, max-video-preview:-1\" \/>\n<link rel=\"canonical\" href=\"https:\/\/osannavisconti.com\/it\/tavoli\/vetro-tavolo-bronzo-fume\/\" \/>\n<meta property=\"og:locale\" content=\"it_IT\" \/>\n<meta property=\"og:type\" content=\"article\" \/>\n<meta property=\"og:title\" content=\"Vetro Coffee Table in Bronze with Fum\u00e8 Cast-Glass - Osanna Visconti di Modrone\" \/>\n<meta property=\"og:description\" content=\"Il tavolino da caff? viene realizzata in Bronzo naturale e vetro soffiato Fum?. Ogni pezzo ? unico e viene disegnato e prodotto a Milano da Osana Visconti.\" \/>\n<meta property=\"og:url\" content=\"https:\/\/osannavisconti.com\/it\/tavoli\/vetro-tavolo-bronzo-fume\/\" \/>\n<meta property=\"og:site_name\" content=\"Osanna Visconti di Modrone\" \/>\n<meta property=\"article:publisher\" content=\"https:\/\/facebook.com\/osannavisconti\" \/>\n<meta property=\"article:modified_time\" content=\"2024-04-04T11:39:31+00:00\" \/>\n<meta property=\"og:image\" content=\"https:\/\/osannavisconti.com\/wp-content\/uploads\/2023\/07\/vetro-fume-castglass-bronze-closeup-osanna-visconti-1442-3.jpg\" \/>\n\t<meta property=\"og:image:width\" content=\"1366\" \/>\n\t<meta property=\"og:image:height\" content=\"2048\" \/>\n\t<meta property=\"og:image:type\" content=\"image\/jpeg\" \/>\n<meta name=\"twitter:card\" content=\"summary_large_image\" \/>\n<meta name=\"twitter:label1\" content=\"Tempo di lettura stimato\" \/>\n\t<meta name=\"twitter:data1\" content=\"3 minuti\" \/>\n<script type=\"application\/ld+json\" class=\"yoast-schema-graph\">{\"@context\":\"https:\\\/\\\/schema.org\",\"@graph\":[{\"@type\":\"WebPage\",\"@id\":\"https:\\\/\\\/osannavisconti.com\\\/it\\\/tavoli\\\/vetro-tavolo-bronzo-fume\\\/\",\"url\":\"https:\\\/\\\/osannavisconti.com\\\/it\\\/tavoli\\\/vetro-tavolo-bronzo-fume\\\/\",\"name\":\"Vetro Coffee Table in Bronze with Fum\u00e8 Cast-Glass - Osanna Visconti di Modrone\",\"isPartOf\":{\"@id\":\"https:\\\/\\\/osannavisconti.com\\\/it\\\/#website\"},\"primaryImageOfPage\":{\"@id\":\"https:\\\/\\\/osannavisconti.com\\\/it\\\/tavoli\\\/vetro-tavolo-bronzo-fume\\\/#primaryimage\"},\"image\":{\"@id\":\"https:\\\/\\\/osannavisconti.com\\\/it\\\/tavoli\\\/vetro-tavolo-bronzo-fume\\\/#primaryimage\"},\"thumbnailUrl\":\"https:\\\/\\\/i0.wp.com\\\/osannavisconti.com\\\/wp-content\\\/uploads\\\/2023\\\/07\\\/vetro-fume-castglass-bronze-osanna-visconti.jpg?fit=1025%2C1536&ssl=1\",\"datePublished\":\"2023-07-20T11:19:18+00:00\",\"dateModified\":\"2024-04-04T11:39:31+00:00\",\"description\":\"Il tavolino da caff? viene realizzata in Bronzo naturale e vetro soffiato Fum?. Ogni pezzo ? unico e viene disegnato e prodotto a Milano da Osana Visconti.\",\"breadcrumb\":{\"@id\":\"https:\\\/\\\/osannavisconti.com\\\/it\\\/tavoli\\\/vetro-tavolo-bronzo-fume\\\/#breadcrumb\"},\"inLanguage\":\"it-IT\",\"potentialAction\":[{\"@type\":\"ReadAction\",\"target\":[\"https:\\\/\\\/osannavisconti.com\\\/it\\\/tavoli\\\/vetro-tavolo-bronzo-fume\\\/\"]}]},{\"@type\":\"ImageObject\",\"inLanguage\":\"it-IT\",\"@id\":\"https:\\\/\\\/osannavisconti.com\\\/it\\\/tavoli\\\/vetro-tavolo-bronzo-fume\\\/#primaryimage\",\"url\":\"https:\\\/\\\/i0.wp.com\\\/osannavisconti.com\\\/wp-content\\\/uploads\\\/2023\\\/07\\\/vetro-fume-castglass-bronze-osanna-visconti.jpg?fit=1025%2C1536&ssl=1\",\"contentUrl\":\"https:\\\/\\\/i0.wp.com\\\/osannavisconti.com\\\/wp-content\\\/uploads\\\/2023\\\/07\\\/vetro-fume-castglass-bronze-osanna-visconti.jpg?fit=1025%2C1536&ssl=1\",\"width\":1025,\"height\":1536,\"caption\":\"VETRO COFFEE TABLE BRONZE GLASS FUME' 43l x 43w x 50,5h\"},{\"@type\":\"BreadcrumbList\",\"@id\":\"https:\\\/\\\/osannavisconti.com\\\/it\\\/tavoli\\\/vetro-tavolo-bronzo-fume\\\/#breadcrumb\",\"itemListElement\":[{\"@type\":\"ListItem\",\"position\":1,\"name\":\"Home\",\"item\":\"https:\\\/\\\/osannavisconti.com\\\/it\\\/\"},{\"@type\":\"ListItem\",\"position\":2,\"name\":\"Shop\",\"item\":\"https:\\\/\\\/osannavisconti.com\\\/it\\\/shop\\\/\"},{\"@type\":\"ListItem\",\"position\":3,\"name\":\"Vetro Coffee Table in Bronze with Fum\u00e8 Cast-Glass\"}]},{\"@type\":\"WebSite\",\"@id\":\"https:\\\/\\\/osannavisconti.com\\\/it\\\/#website\",\"url\":\"https:\\\/\\\/osannavisconti.com\\\/it\\\/\",\"name\":\"Osanna Visconti - Bronze furnishings and design objects\",\"description\":\"Interior Design Milano\",\"publisher\":{\"@id\":\"https:\\\/\\\/osannavisconti.com\\\/it\\\/#organization\"},\"alternateName\":\"OVM\",\"potentialAction\":[{\"@type\":\"SearchAction\",\"target\":{\"@type\":\"EntryPoint\",\"urlTemplate\":\"https:\\\/\\\/osannavisconti.com\\\/it\\\/?s={search_term_string}\"},\"query-input\":{\"@type\":\"PropertyValueSpecification\",\"valueRequired\":true,\"valueName\":\"search_term_string\"}}],\"inLanguage\":\"it-IT\"},{\"@type\":\"Organization\",\"@id\":\"https:\\\/\\\/osannavisconti.com\\\/it\\\/#organization\",\"name\":\"O.M. Visconti S.r.l.\",\"alternateName\":\"OMV\",\"url\":\"https:\\\/\\\/osannavisconti.com\\\/it\\\/\",\"logo\":{\"@type\":\"ImageObject\",\"inLanguage\":\"it-IT\",\"@id\":\"https:\\\/\\\/osannavisconti.com\\\/it\\\/#\\\/schema\\\/logo\\\/image\\\/\",\"url\":\"https:\\\/\\\/osannavisconti.com\\\/wp-content\\\/uploads\\\/2025\\\/03\\\/osanna-visconti-logo-firma.png\",\"contentUrl\":\"https:\\\/\\\/osannavisconti.com\\\/wp-content\\\/uploads\\\/2025\\\/03\\\/osanna-visconti-logo-firma.png\",\"width\":1599,\"height\":810,\"caption\":\"O.M. Visconti S.r.l.\"},\"image\":{\"@id\":\"https:\\\/\\\/osannavisconti.com\\\/it\\\/#\\\/schema\\\/logo\\\/image\\\/\"},\"sameAs\":[\"https:\\\/\\\/facebook.com\\\/osannavisconti\",\"https:\\\/\\\/instagram.com\\\/osannavisconti\",\"https:\\\/\\\/linkedin.com\\\/showcase\\\/osannavisconti\"]}]}<\/script>\n<!-- \/ Yoast SEO plugin. -->","yoast_head_json":{"title":"Vetro Coffee Table in Bronze with Fum\u00e8 Cast-Glass - Osanna Visconti di Modrone","description":"Il tavolino da caff? viene realizzata in Bronzo naturale e vetro soffiato Fum?. Ogni pezzo ? unico e viene disegnato e prodotto a Milano da Osana Visconti.","robots":{"index":"index","follow":"follow","max-snippet":"max-snippet:-1","max-image-preview":"max-image-preview:large","max-video-preview":"max-video-preview:-1"},"canonical":"https:\/\/osannavisconti.com\/it\/tavoli\/vetro-tavolo-bronzo-fume\/","og_locale":"it_IT","og_type":"article","og_title":"Vetro Coffee Table in Bronze with Fum\u00e8 Cast-Glass - Osanna Visconti di Modrone","og_description":"Il tavolino da caff? viene realizzata in Bronzo naturale e vetro soffiato Fum?. Ogni pezzo ? unico e viene disegnato e prodotto a Milano da Osana Visconti.","og_url":"https:\/\/osannavisconti.com\/it\/tavoli\/vetro-tavolo-bronzo-fume\/","og_site_name":"Osanna Visconti di Modrone","article_publisher":"https:\/\/facebook.com\/osannavisconti","article_modified_time":"2024-04-04T11:39:31+00:00","og_image":[{"width":1366,"height":2048,"url":"https:\/\/osannavisconti.com\/wp-content\/uploads\/2023\/07\/vetro-fume-castglass-bronze-closeup-osanna-visconti-1442-3.jpg","type":"image\/jpeg"}],"twitter_card":"summary_large_image","twitter_misc":{"Tempo di lettura stimato":"3 minuti"},"schema":{"@context":"https:\/\/schema.org","@graph":[{"@type":"WebPage","@id":"https:\/\/osannavisconti.com\/it\/tavoli\/vetro-tavolo-bronzo-fume\/","url":"https:\/\/osannavisconti.com\/it\/tavoli\/vetro-tavolo-bronzo-fume\/","name":"Vetro Coffee Table in Bronze with Fum\u00e8 Cast-Glass - Osanna Visconti di Modrone","isPartOf":{"@id":"https:\/\/osannavisconti.com\/it\/#website"},"primaryImageOfPage":{"@id":"https:\/\/osannavisconti.com\/it\/tavoli\/vetro-tavolo-bronzo-fume\/#primaryimage"},"image":{"@id":"https:\/\/osannavisconti.com\/it\/tavoli\/vetro-tavolo-bronzo-fume\/#primaryimage"},"thumbnailUrl":"https:\/\/i0.wp.com\/osannavisconti.com\/wp-content\/uploads\/2023\/07\/vetro-fume-castglass-bronze-osanna-visconti.jpg?fit=1025%2C1536&ssl=1","datePublished":"2023-07-20T11:19:18+00:00","dateModified":"2024-04-04T11:39:31+00:00","description":"Il tavolino da caff? viene realizzata in Bronzo naturale e vetro soffiato Fum?. Ogni pezzo ? unico e viene disegnato e prodotto a Milano da Osana Visconti.","breadcrumb":{"@id":"https:\/\/osannavisconti.com\/it\/tavoli\/vetro-tavolo-bronzo-fume\/#breadcrumb"},"inLanguage":"it-IT","potentialAction":[{"@type":"ReadAction","target":["https:\/\/osannavisconti.com\/it\/tavoli\/vetro-tavolo-bronzo-fume\/"]}]},{"@type":"ImageObject","inLanguage":"it-IT","@id":"https:\/\/osannavisconti.com\/it\/tavoli\/vetro-tavolo-bronzo-fume\/#primaryimage","url":"https:\/\/i0.wp.com\/osannavisconti.com\/wp-content\/uploads\/2023\/07\/vetro-fume-castglass-bronze-osanna-visconti.jpg?fit=1025%2C1536&ssl=1","contentUrl":"https:\/\/i0.wp.com\/osannavisconti.com\/wp-content\/uploads\/2023\/07\/vetro-fume-castglass-bronze-osanna-visconti.jpg?fit=1025%2C1536&ssl=1","width":1025,"height":1536,"caption":"VETRO COFFEE TABLE BRONZE GLASS FUME' 43l x 43w x 50,5h"},{"@type":"BreadcrumbList","@id":"https:\/\/osannavisconti.com\/it\/tavoli\/vetro-tavolo-bronzo-fume\/#breadcrumb","itemListElement":[{"@type":"ListItem","position":1,"name":"Home","item":"https:\/\/osannavisconti.com\/it\/"},{"@type":"ListItem","position":2,"name":"Shop","item":"https:\/\/osannavisconti.com\/it\/shop\/"},{"@type":"ListItem","position":3,"name":"Vetro Coffee Table in Bronze with Fum\u00e8 Cast-Glass"}]},{"@type":"WebSite","@id":"https:\/\/osannavisconti.com\/it\/#website","url":"https:\/\/osannavisconti.com\/it\/","name":"Osanna Visconti - Bronze furnishings and design objects","description":"Interior Design Milano","publisher":{"@id":"https:\/\/osannavisconti.com\/it\/#organization"},"alternateName":"OVM","potentialAction":[{"@type":"SearchAction","target":{"@type":"EntryPoint","urlTemplate":"https:\/\/osannavisconti.com\/it\/?s={search_term_string}"},"query-input":{"@type":"PropertyValueSpecification","valueRequired":true,"valueName":"search_term_string"}}],"inLanguage":"it-IT"},{"@type":"Organization","@id":"https:\/\/osannavisconti.com\/it\/#organization","name":"O.M. Visconti S.r.l.","alternateName":"OMV","url":"https:\/\/osannavisconti.com\/it\/","logo":{"@type":"ImageObject","inLanguage":"it-IT","@id":"https:\/\/osannavisconti.com\/it\/#\/schema\/logo\/image\/","url":"https:\/\/osannavisconti.com\/wp-content\/uploads\/2025\/03\/osanna-visconti-logo-firma.png","contentUrl":"https:\/\/osannavisconti.com\/wp-content\/uploads\/2025\/03\/osanna-visconti-logo-firma.png","width":1599,"height":810,"caption":"O.M. Visconti S.r.l."},"image":{"@id":"https:\/\/osannavisconti.com\/it\/#\/schema\/logo\/image\/"},"sameAs":["https:\/\/facebook.com\/osannavisconti","https:\/\/instagram.com\/osannavisconti","https:\/\/linkedin.com\/showcase\/osannavisconti"]}]}},"df_price":"","df_sale_price":"","df_regular_price":"","df_image_link":"https:\/\/i0.wp.com\/osannavisconti.com\/wp-content\/uploads\/2023\/07\/vetro-fume-castglass-bronze-osanna-visconti.jpg?fit=200%2C300&ssl=1","_links":{"self":[{"href":"https:\/\/osannavisconti.com\/it\/wp-json\/wp\/v2\/product\/221792","targetHints":{"allow":["GET"]}}],"collection":[{"href":"https:\/\/osannavisconti.com\/it\/wp-json\/wp\/v2\/product"}],"about":[{"href":"https:\/\/osannavisconti.com\/it\/wp-json\/wp\/v2\/types\/product"}],"replies":[{"embeddable":true,"href":"https:\/\/osannavisconti.com\/it\/wp-json\/wp\/v2\/comments?post=221792"}],"wp:featuredmedia":[{"embeddable":true,"href":"https:\/\/osannavisconti.com\/it\/wp-json\/wp\/v2\/media\/221777"}],"wp:attachment":[{"href":"https:\/\/osannavisconti.com\/it\/wp-json\/wp\/v2\/media?parent=221792"}],"wp:term":[{"taxonomy":"product_collection","embeddable":true,"href":"https:\/\/osannavisconti.com\/it\/wp-json\/wp\/v2\/product_collection?post=221792"},{"taxonomy":"product_brand","embeddable":true,"href":"https:\/\/osannavisconti.com\/it\/wp-json\/wp\/v2\/product_brand?post=221792"},{"taxonomy":"product_cat","embeddable":true,"href":"https:\/\/osannavisconti.com\/it\/wp-json\/wp\/v2\/product_cat?post=221792"},{"taxonomy":"product_tag","embeddable":true,"href":"https:\/\/osannavisconti.com\/it\/wp-json\/wp\/v2\/product_tag?post=221792"}],"curies":[{"name":"wp","href":"https:\/\/api.w.org\/{rel}","templated":true}]}}