{"id":6203,"date":"2017-11-12T16:41:31","date_gmt":"2017-11-12T15:41:31","guid":{"rendered":"https:\/\/www.osannavisconti.it\/?page_id=6203"},"modified":"2017-11-22T17:02:53","modified_gmt":"2017-11-22T16:02:53","slug":"cookie-policy","status":"publish","type":"page","link":"https:\/\/osannavisconti.com\/it\/cookie-policy\/","title":{"rendered":"Cookie Policy"},"content":{"rendered":"<div id=\"pl-6203\"  class=\"panel-layout\" ><div id=\"pg-6203-0\"  class=\"panel-grid panel-has-style\" ><div class=\"panel-row-style panel-row-style-for-6203-0\" ><div id=\"pgc-6203-0-0\"  class=\"panel-grid-cell\" ><div id=\"panel-6203-0-0-0\" class=\"so-panel widget widget_sow-editor panel-first-child panel-last-child\" data-index=\"0\" ><div class=\"panel-widget-style panel-widget-style-for-6203-0-0-0\" ><div\n\t\t\t\n\t\t\tclass=\"so-widget-sow-editor so-widget-sow-editor-base\"\n\t\t\t\n\t\t>\n<div class=\"siteorigin-widget-tinymce textwidget\">\n\t<h1>Cookie Policy<\/h1>\n<p style=\"text-align: justify;\">Per rendere il nostro sito pi\u00f9 facile ed intuitivo facciamo uso dei cookie. I cookie sono piccole porzioni di dati che ci permettono di confrontare i visitatori nuovi e quelli passati e di capire come gli utenti navigano attraverso il nostro sito. Utilizziamo i dati raccolti grazie ai cookie per rendere l'esperienza di navigazione pi\u00f9 piacevole e pi\u00f9 efficiente in futuro. I cookie non registrano alcuna informazione personale su un utente e gli eventuali dati identificabili non verranno memorizzati. Se si desidera disabilitare l'uso dei cookie \u00e8 necessario personalizzare le impostazioni del proprio computer impostando la cancellazione di tutti i cookie o attivando un messaggio di avviso quando i cookie vengono memorizzati. Per procedere senza modificare l'applicazione dei cookie \u00e8 sufficiente continuare con la navigazione. Visita <a href=\"http:\/\/www.aboutcookies.org\/\" target=\"_blank\" rel=\"noopener\">AboutCookies.org<\/a> per ulteriori informazioni sui cookie e su come influenzano la tua esperienza di navigazione.<\/p>\n<\/div>\n<\/div><\/div><\/div><\/div><\/div><\/div><div id=\"pg-6203-1\"  class=\"panel-grid panel-no-style\" ><div id=\"pgc-6203-1-0\"  class=\"panel-grid-cell\" ><div id=\"panel-6203-1-0-0\" class=\"so-panel widget widget_sow-editor panel-first-child\" data-index=\"1\" ><div class=\"content-box panel-widget-style panel-widget-style-for-6203-1-0-0\" ><div\n\t\t\t\n\t\t\tclass=\"so-widget-sow-editor so-widget-sow-editor-base\"\n\t\t\t\n\t\t>\n<div class=\"siteorigin-widget-tinymce textwidget\">\n\t<h2>Cookie Tecnici<\/h2>\n<p>Questi cookie servono a effettuare la navigazione o a fornire un servizio richiesto dall'utente. Non vengono utilizzati per scopi ulteriori e sono installati direttamente dal titolare del sito web. Esempi possono essere i cookie utilizzati per accedere ad aree riservate del sito, la compilazione dei form, ricordare le scelte fatte dall'utente come la lingua o la regione di provenienza. Le informazioni raccolte da questi tipi di cookie possono essere rese anonime e non in grado di monitorare la vostra attivit\u00e0 di navigazione su altri siti web. Utilizzando il nostro sito, l'utente accetta che tali cookie possono essere installati sul proprio dispositivo.<\/p>\n<\/div>\n<\/div><\/div><\/div><div id=\"panel-6203-1-0-1\" class=\"so-panel widget widget_sow-editor\" data-index=\"2\" ><div class=\"content-box panel-widget-style panel-widget-style-for-6203-1-0-1\" ><div\n\t\t\t\n\t\t\tclass=\"so-widget-sow-editor so-widget-sow-editor-base\"\n\t\t\t\n\t\t>\n<div class=\"siteorigin-widget-tinymce textwidget\">\n\t<h2>Cookie di Profiliazione<\/h2>\n<p>Questi cookie sono utilizzati per tracciare la navigazione dell'utente in rete e creare profili sui suoi gusti, abitudini, scelte, ecc. Tali cookie possono essere trasmessi al terminale dell'utente messaggi pubblicitari in linea con le preferenze gi\u00e0 manifestate dallo stesso utente nella navigazione online.<br \/> Non sono presenti cookie di profiliazione proprietari.<\/p>\n<\/div>\n<\/div><\/div><\/div><div id=\"panel-6203-1-0-2\" class=\"so-panel widget widget_sow-editor panel-last-child\" data-index=\"3\" ><div class=\"content-box panel-widget-style panel-widget-style-for-6203-1-0-2\" ><div\n\t\t\t\n\t\t\tclass=\"so-widget-sow-editor so-widget-sow-editor-base\"\n\t\t\t\n\t\t>\n<div class=\"siteorigin-widget-tinymce textwidget\">\n\t<h2>Cookie di Terze Parti<\/h2>\n<p>I cookie di terze parti derivano da annunci o funzionalit\u00e0 di altri siti, presenti nel sito Web visualizzato. Possono essere utilizzati per registrare l'utilizzo del sito Web a scopo di marketing.<br \/> Il nostro sito presenta i seguenti cookies di terze parti:<\/p>\n<p><strong>Google Analytics<\/strong><br \/> Questo sito web utilizza Google Analytics, un servizio di analisi web fornito da Google, Inc.(\"Google\"). Google Analytics utilizza dei \"cookies\", che sono file di testo depositati sul Vostro computer per consentire al sito web di analizzare come gli utenti utilizzano il sito. Le informazioni generate dal cookie sull'utilizzo del sito web (compreso il Vostro indirizzo IP anonimo) verranno trasmesse e depositate presso i server di Google negli Stati Uniti. Google utilizzer\u00e0 queste informazioni allo scopo di esaminare il Vostro utilizzo del sito web, compilare report sulle attivit\u00e0 del sito per gli operatori dello stesso e fornire altri servizi relativi alle attivit\u00e0 del sito web e all'utilizzo di internet. Google pu\u00f2 anche trasferire queste informazioni a terzi ove ci\u00f2 sia imposto dalla legge o laddove tali terzi trattino le suddette informazioni per conto di Google. Google non assocer\u00e0 il vostro indirizzo IP a nessun altro dato posseduto da Google. Potete rifiutarvi di usare i cookies selezionando l'impostazione appropriata sul vostro browser, ma si prega di notare che se si fa questo non si pu\u00f2 essere in grado di utilizzare tutte le funzionalit\u00e0 di questo sito web. Utilizzando il presente sito web, voi acconsentite al trattamento dei Vostri dati da parte di Google per le modalit\u00e0 ed i fini sopraindicati. Si pu\u00f2 impedire a Google il rilevamento di un cookie che viene generato a causa di e legato al Vostro utilizzo di questo sito web (compreso il Vostro indirizzo IP) e l'elaborazione di tali dati scaricando e installando questo plugin per il browser:&nbsp;<a href=\"http:\/\/tools.google.com\/dlpage\/gaoptout?hl=en\">http:\/\/tools.google.com\/dlpage\/gaoptout?hl=en<\/a>.<\/p>\n<\/div>\n<\/div><\/div><\/div><\/div><div id=\"pgc-6203-1-1\"  class=\"panel-grid-cell\" ><div id=\"panel-6203-1-1-0\" class=\"so-panel widget widget_sow-editor panel-first-child\" data-index=\"4\" ><div class=\"content-box panel-widget-style panel-widget-style-for-6203-1-1-0\" ><div\n\t\t\t\n\t\t\tclass=\"so-widget-sow-editor so-widget-sow-editor-base\"\n\t\t\t\n\t\t>\n<div class=\"siteorigin-widget-tinymce textwidget\">\n\t<h2 class=\"custom-title\">Gestione dei cookie su PC<\/h2>\n<p>Se si desidera consentire i cookie dal nostro sito, si prega di seguire i passaggi riportati di seguito.<\/p>\n<p><strong>Google Chrome<\/strong><\/p>\n<ol>\n<li>Clicca su \"Strumenti\" nella parte superiore della finestra del browser e selezionare Opzioni<\/li>\n<li>Fai clic sulla scheda \"Roba da smanettoni\" , individua la sezione \"Privacy\", e seleziona il pulsante \"Impostazioni contenuto\"<\/li>\n<li>Ora seleziona \"Consenti dati locali da impostare\"<\/li>\n<\/ol>\n<p><strong>Microsoft Internet Explorer 6+<\/strong><\/p>\n<ol>\n<li>Clicca su \"Strumenti\" nella parte superiore della finestra del browser e seleziona \"Opzioni Internet\", quindi fai clic sulla scheda \"Privacy\"<\/li>\n<li>Per attivare i cookie nel tuo browser, assicurati che il livello di privacy \u00e8 impostato su Medio o al di sotto<\/li>\n<li>Impostando il livello di privacy sopra il Medio disattiverai l'utilizzo dei cookies<\/li>\n<\/ol>\n<p><strong>Mozilla Firefox<\/strong><\/p>\n<ol>\n<li>Clicca su \"Strumenti\" nella parte superiore della finestra del browser e seleziona \"Opzioni\"<\/li>\n<li>Quindi seleziona l'icona Privacy<\/li>\n<li>Fai clic su Cookie, quindi seleziona \"permetto ai siti l'utilizzo dei cookie\"<\/li>\n<\/ol>\n<p><strong>Safari<\/strong><\/p>\n<ol>\n<li>Fai clic sull'icona Cog nella parte superiore della finestra del browser e seleziona l'opzione \"Preferenze\"<\/li>\n<li>Fai clic su \"Protezione\", seleziona l'opzione che dice \"Blocco di terze parti e di cookie per la pubblicit\u00e0\"<\/li>\n<li>Fai clic su \"Salva\"<\/li>\n<\/ol>\n<\/div>\n<\/div><\/div><\/div><div id=\"panel-6203-1-1-1\" class=\"so-panel widget widget_sow-editor panel-last-child\" data-index=\"5\" ><div class=\"content-box panel-widget-style panel-widget-style-for-6203-1-1-1\" ><div\n\t\t\t\n\t\t\tclass=\"so-widget-sow-editor so-widget-sow-editor-base\"\n\t\t\t\n\t\t>\n<div class=\"siteorigin-widget-tinymce textwidget\">\n\t<h2 class=\"custom-title\">Gestione dei cookie su Mac<\/h2>\n<p>Se si desidera consentire i cookie dal nostro sito, si prega di seguire i passaggi riportati di seguito.<\/p>\n<p><strong>Microsoft Internet Explorer 5.0 su OSX<\/strong><\/p>\n<ol>\n<li>Fai clic su \"Esplora\" nella parte superiore della finestra del browser e seleziona l'opzione \"Preferenze\"<\/li>\n<li>Scorri verso il basso fino a visualizzare \"Cookie\" nella sezione File Ricezione<\/li>\n<li>Seleziona l'opzione \"Non chiedere\"<\/li>\n<\/ol>\n<p><strong>Safari su OSX<\/strong><\/p>\n<ol>\n<li>Fai clic su \"Safari\" nella parte superiore della finestra del browser e seleziona l'opzione \"Preferenze\"<\/li>\n<li>Fai clic su \"Sicurezza\" e poi \"Accetta i cookie\"<\/li>\n<li>Seleziona \"Solo dal sito\"<\/li>\n<\/ol>\n<p><strong>Mozilla e Netscape su OSX<\/strong><\/p>\n<ol>\n<li>Fai clic su \"Mozilla\" o \"Netscape\" nella parte superiore della finestra del browser e seleziona l'opzione \"Preferenze\"<\/li>\n<li>Scorri verso il basso fino a visualizzare i cookie sotto \"Privacy e sicurezza\"<\/li>\n<li>Seleziona \"Abilita i cookie solo per il sito di origine\"<\/li>\n<\/ol>\n<p><strong>Opera<\/strong><\/p>\n<ol>\n<li>Fai clic su \"Menu\" nella parte superiore della finestra del browser e seleziona \"Impostazioni\"<\/li>\n<li>Quindi seleziona \"Preferenze\", seleziona la scheda \"Avanzate\"<\/li>\n<li>Quindi seleziona l'opzione \"Accetta i cookie\"<\/li>\n<\/ol>\n<\/div>\n<\/div><\/div><\/div><\/div><\/div><\/div>","protected":false},"excerpt":{"rendered":"<p>Cookie Policy Per rendere il nostro sito pi\u00f9 facile ed intuitivo facciamo uso dei cookie. I cookie sono&#8230;<\/p>\n","protected":false},"author":1,"featured_media":0,"parent":0,"menu_order":0,"comment_status":"closed","ping_status":"closed","template":"template-boxed.php","meta":{"_acf_changed":false,"rs_blank_template":"","rs_page_bg_color":"","slide_template_v7":"","inline_featured_image":false,"footnotes":""},"class_list":["post-6203","page","type-page","status-publish","hentry"],"acf":[],"yoast_head":"<!-- This site is optimized with the Yoast SEO plugin v27.4 - https:\/\/yoast.com\/product\/yoast-seo-wordpress\/ -->\n<title>Cookie Policy - Osanna Visconti di Modrone<\/title>\n<meta name=\"robots\" content=\"index, follow, max-snippet:-1, max-image-preview:large, max-video-preview:-1\" \/>\n<link rel=\"canonical\" href=\"https:\/\/osannavisconti.com\/it\/cookie-policy\/\" \/>\n<meta property=\"og:locale\" content=\"it_IT\" \/>\n<meta property=\"og:type\" content=\"article\" \/>\n<meta property=\"og:title\" content=\"Cookie Policy - Osanna Visconti di Modrone\" \/>\n<meta property=\"og:description\" content=\"Cookie Policy Per rendere il nostro sito pi\u00f9 facile ed intuitivo facciamo uso dei cookie. I cookie sono...\" \/>\n<meta property=\"og:url\" content=\"https:\/\/osannavisconti.com\/it\/cookie-policy\/\" \/>\n<meta property=\"og:site_name\" content=\"Osanna Visconti di Modrone\" \/>\n<meta property=\"article:publisher\" content=\"https:\/\/facebook.com\/osannavisconti\" \/>\n<meta property=\"article:modified_time\" content=\"2017-11-22T16:02:53+00:00\" \/>\n<meta property=\"og:image\" content=\"https:\/\/i0.wp.com\/osannavisconti.com\/wp-content\/uploads\/2023\/09\/osanna-visconti-logo-black-scaled.jpg?fit=2048%2C1042&ssl=1\" \/>\n\t<meta property=\"og:image:width\" content=\"2048\" \/>\n\t<meta property=\"og:image:height\" content=\"1042\" \/>\n\t<meta property=\"og:image:type\" content=\"image\/jpeg\" \/>\n<meta name=\"twitter:card\" content=\"summary_large_image\" \/>\n<meta name=\"twitter:label1\" content=\"Tempo di lettura stimato\" \/>\n\t<meta name=\"twitter:data1\" content=\"5 minuti\" \/>\n<script type=\"application\/ld+json\" class=\"yoast-schema-graph\">{\"@context\":\"https:\\\/\\\/schema.org\",\"@graph\":[{\"@type\":\"WebPage\",\"@id\":\"https:\\\/\\\/osannavisconti.com\\\/it\\\/cookie-policy\\\/\",\"url\":\"https:\\\/\\\/osannavisconti.com\\\/it\\\/cookie-policy\\\/\",\"name\":\"Cookie Policy - Osanna Visconti di Modrone\",\"isPartOf\":{\"@id\":\"https:\\\/\\\/osannavisconti.com\\\/it\\\/#website\"},\"datePublished\":\"2017-11-12T15:41:31+00:00\",\"dateModified\":\"2017-11-22T16:02:53+00:00\",\"breadcrumb\":{\"@id\":\"https:\\\/\\\/osannavisconti.com\\\/it\\\/cookie-policy\\\/#breadcrumb\"},\"inLanguage\":\"it-IT\",\"potentialAction\":[{\"@type\":\"ReadAction\",\"target\":[\"https:\\\/\\\/osannavisconti.com\\\/it\\\/cookie-policy\\\/\"]}]},{\"@type\":\"BreadcrumbList\",\"@id\":\"https:\\\/\\\/osannavisconti.com\\\/it\\\/cookie-policy\\\/#breadcrumb\",\"itemListElement\":[{\"@type\":\"ListItem\",\"position\":1,\"name\":\"Home\",\"item\":\"https:\\\/\\\/osannavisconti.com\\\/it\\\/\"},{\"@type\":\"ListItem\",\"position\":2,\"name\":\"Cookie Policy\"}]},{\"@type\":\"WebSite\",\"@id\":\"https:\\\/\\\/osannavisconti.com\\\/it\\\/#website\",\"url\":\"https:\\\/\\\/osannavisconti.com\\\/it\\\/\",\"name\":\"Osanna Visconti - Bronze furnishings and design objects\",\"description\":\"Interior Design Milano\",\"publisher\":{\"@id\":\"https:\\\/\\\/osannavisconti.com\\\/it\\\/#organization\"},\"alternateName\":\"OVM\",\"potentialAction\":[{\"@type\":\"SearchAction\",\"target\":{\"@type\":\"EntryPoint\",\"urlTemplate\":\"https:\\\/\\\/osannavisconti.com\\\/it\\\/?s={search_term_string}\"},\"query-input\":{\"@type\":\"PropertyValueSpecification\",\"valueRequired\":true,\"valueName\":\"search_term_string\"}}],\"inLanguage\":\"it-IT\"},{\"@type\":\"Organization\",\"@id\":\"https:\\\/\\\/osannavisconti.com\\\/it\\\/#organization\",\"name\":\"O.M. Visconti S.r.l.\",\"alternateName\":\"OMV\",\"url\":\"https:\\\/\\\/osannavisconti.com\\\/it\\\/\",\"logo\":{\"@type\":\"ImageObject\",\"inLanguage\":\"it-IT\",\"@id\":\"https:\\\/\\\/osannavisconti.com\\\/it\\\/#\\\/schema\\\/logo\\\/image\\\/\",\"url\":\"https:\\\/\\\/osannavisconti.com\\\/wp-content\\\/uploads\\\/2025\\\/03\\\/osanna-visconti-logo-firma.png\",\"contentUrl\":\"https:\\\/\\\/osannavisconti.com\\\/wp-content\\\/uploads\\\/2025\\\/03\\\/osanna-visconti-logo-firma.png\",\"width\":1599,\"height\":810,\"caption\":\"O.M. Visconti S.r.l.\"},\"image\":{\"@id\":\"https:\\\/\\\/osannavisconti.com\\\/it\\\/#\\\/schema\\\/logo\\\/image\\\/\"},\"sameAs\":[\"https:\\\/\\\/facebook.com\\\/osannavisconti\",\"https:\\\/\\\/instagram.com\\\/osannavisconti\",\"https:\\\/\\\/linkedin.com\\\/showcase\\\/osannavisconti\"]}]}<\/script>\n<!-- \/ Yoast SEO plugin. -->","yoast_head_json":{"title":"Cookie Policy - Osanna Visconti di Modrone","robots":{"index":"index","follow":"follow","max-snippet":"max-snippet:-1","max-image-preview":"max-image-preview:large","max-video-preview":"max-video-preview:-1"},"canonical":"https:\/\/osannavisconti.com\/it\/cookie-policy\/","og_locale":"it_IT","og_type":"article","og_title":"Cookie Policy - Osanna Visconti di Modrone","og_description":"Cookie Policy Per rendere il nostro sito pi\u00f9 facile ed intuitivo facciamo uso dei cookie. I cookie sono...","og_url":"https:\/\/osannavisconti.com\/it\/cookie-policy\/","og_site_name":"Osanna Visconti di Modrone","article_publisher":"https:\/\/facebook.com\/osannavisconti","article_modified_time":"2017-11-22T16:02:53+00:00","og_image":[{"width":2048,"height":1042,"url":"https:\/\/i0.wp.com\/osannavisconti.com\/wp-content\/uploads\/2023\/09\/osanna-visconti-logo-black-scaled.jpg?fit=2048%2C1042&ssl=1","type":"image\/jpeg"}],"twitter_card":"summary_large_image","twitter_misc":{"Tempo di lettura stimato":"5 minuti"},"schema":{"@context":"https:\/\/schema.org","@graph":[{"@type":"WebPage","@id":"https:\/\/osannavisconti.com\/it\/cookie-policy\/","url":"https:\/\/osannavisconti.com\/it\/cookie-policy\/","name":"Cookie Policy - Osanna Visconti di Modrone","isPartOf":{"@id":"https:\/\/osannavisconti.com\/it\/#website"},"datePublished":"2017-11-12T15:41:31+00:00","dateModified":"2017-11-22T16:02:53+00:00","breadcrumb":{"@id":"https:\/\/osannavisconti.com\/it\/cookie-policy\/#breadcrumb"},"inLanguage":"it-IT","potentialAction":[{"@type":"ReadAction","target":["https:\/\/osannavisconti.com\/it\/cookie-policy\/"]}]},{"@type":"BreadcrumbList","@id":"https:\/\/osannavisconti.com\/it\/cookie-policy\/#breadcrumb","itemListElement":[{"@type":"ListItem","position":1,"name":"Home","item":"https:\/\/osannavisconti.com\/it\/"},{"@type":"ListItem","position":2,"name":"Cookie Policy"}]},{"@type":"WebSite","@id":"https:\/\/osannavisconti.com\/it\/#website","url":"https:\/\/osannavisconti.com\/it\/","name":"Osanna Visconti - Bronze furnishings and design objects","description":"Interior Design Milano","publisher":{"@id":"https:\/\/osannavisconti.com\/it\/#organization"},"alternateName":"OVM","potentialAction":[{"@type":"SearchAction","target":{"@type":"EntryPoint","urlTemplate":"https:\/\/osannavisconti.com\/it\/?s={search_term_string}"},"query-input":{"@type":"PropertyValueSpecification","valueRequired":true,"valueName":"search_term_string"}}],"inLanguage":"it-IT"},{"@type":"Organization","@id":"https:\/\/osannavisconti.com\/it\/#organization","name":"O.M. Visconti S.r.l.","alternateName":"OMV","url":"https:\/\/osannavisconti.com\/it\/","logo":{"@type":"ImageObject","inLanguage":"it-IT","@id":"https:\/\/osannavisconti.com\/it\/#\/schema\/logo\/image\/","url":"https:\/\/osannavisconti.com\/wp-content\/uploads\/2025\/03\/osanna-visconti-logo-firma.png","contentUrl":"https:\/\/osannavisconti.com\/wp-content\/uploads\/2025\/03\/osanna-visconti-logo-firma.png","width":1599,"height":810,"caption":"O.M. Visconti S.r.l."},"image":{"@id":"https:\/\/osannavisconti.com\/it\/#\/schema\/logo\/image\/"},"sameAs":["https:\/\/facebook.com\/osannavisconti","https:\/\/instagram.com\/osannavisconti","https:\/\/linkedin.com\/showcase\/osannavisconti"]}]}},"_links":{"self":[{"href":"https:\/\/osannavisconti.com\/it\/wp-json\/wp\/v2\/pages\/6203","targetHints":{"allow":["GET"]}}],"collection":[{"href":"https:\/\/osannavisconti.com\/it\/wp-json\/wp\/v2\/pages"}],"about":[{"href":"https:\/\/osannavisconti.com\/it\/wp-json\/wp\/v2\/types\/page"}],"author":[{"embeddable":true,"href":"https:\/\/osannavisconti.com\/it\/wp-json\/wp\/v2\/users\/1"}],"replies":[{"embeddable":true,"href":"https:\/\/osannavisconti.com\/it\/wp-json\/wp\/v2\/comments?post=6203"}],"version-history":[{"count":0,"href":"https:\/\/osannavisconti.com\/it\/wp-json\/wp\/v2\/pages\/6203\/revisions"}],"wp:attachment":[{"href":"https:\/\/osannavisconti.com\/it\/wp-json\/wp\/v2\/media?parent=6203"}],"curies":[{"name":"wp","href":"https:\/\/api.w.org\/{rel}","templated":true}]}}